{"id":570,"date":"2019-11-27T11:42:20","date_gmt":"2019-11-27T18:42:20","guid":{"rendered":"https:\/\/www.hillsidedentalelpaso.com\/?page_id=570"},"modified":"2026-04-28T12:12:05","modified_gmt":"2026-04-28T18:12:05","slug":"refer-a-friend-program","status":"publish","type":"page","link":"https:\/\/www.hillsidedentalelpaso.com\/es\/refer-a-friend-program.html","title":{"rendered":"Programa de Referencia de Familiares y Amigos"},"content":{"rendered":"\n<p>Estamos orgullosos de presentar nuestro programa de referencia de recompensas dentales para amigos y familiares. Esta es nuestra manera de decir gracias y mostrar lo honrados que estamos de habernos ganado su confianza. Nuestros pacientes son familia para nosotros y realmente apreciamos su lealtad. Estamos agradecidos por usted, nuestros pacientes son lo suficientemente atentos como para pensar en nosotros, cuando sabe de alguien que busca un nuevo dentista en El Paso.<\/p>\n\n\n\n<p>Si conoce a alguien que busca un nuevo dentista, no dude en completar el formulario a la derecha. Por cada persona que refiera con \u00e9xito, recibir\u00e1 una tarjeta de regalo de $ 50 para usar en cualquier tratamiento dental. Le enviaremos su tarjeta de regalo por correo junto con una tarjeta de agradecimiento.<\/p>\n\n\n\n<p>Gracias de nuevo por las recomendaciones, aseg\u00farese de presionar el bot\u00f3n de enviar al final del formulario. Uno de los miembros de nuestro personal se comunicar\u00e1 con usted lo antes posible.<\/p>\n\n\n\n<ul class=\"wp-block-list\">\n<li>* Una referencia es una persona que es un paciente nuevo en nuestra pr\u00e1ctica dental.<\/li>\n\n\n\n<li>Para recibir su tarjeta de regalo, el paciente referido debe informar a nuestro personal qui\u00e9n lo refiri\u00f3.<\/li>\n\n\n\n<li>Solo una tarjeta de regalo de $50 para tratamiento dental por referencia.<\/li>\n<\/ul>\n\n\n<style>.kb-form input.kadence-blocks-field.verify{opacity:0.0;position:absolute;top:0.0;left:0.0;width:0.0;height:0.0;z-index:-1;}<\/style>\n<div class=\"wp-block-kadence-form kadence-form-570_77b72f-7e kb-form-wrap\"><form class=\"kb-form\" action=\"\" method=\"post\"><div class=\"kadence-blocks-form-field kb-field-desk-width-100 kb-input-size-standard\"><label for=\"kb_field_570_77b72f-7e_0\">Name<\/label><input name=\"kb_field_0\" id=\"kb_field_570_77b72f-7e_0\" data-label=\"Name\" type=\"text\" placeholder=\"\" value=\"\" data-type=\"text\" class=\"kb-field kb-text-style-field kb-text-field kb-field-0\"\/><\/div><div class=\"kadence-blocks-form-field kb-form-field-1 kb-field-desk-width-100 kb-input-size-standard\"><label for=\"kb_field_570_77b72f-7e_1\">Email<span class=\"required\">*<\/span><\/label><input name=\"kb_field_1\" id=\"kb_field_570_77b72f-7e_1\" data-label=\"Email\" type=\"email\" placeholder=\"\" value=\"\" data-type=\"email\" class=\"kb-field kb-text-style-field kb-email-field kb-field-1\" data-required=\"yes\"\/><\/div><div class=\"kadence-blocks-form-field kb-form-field-2 kb-field-desk-width-100 kb-input-size-standard\"><label for=\"kb_field_570_77b72f-7e_2\">Phone<span class=\"required\">*<\/span><\/label><input name=\"kb_field_2\" id=\"kb_field_570_77b72f-7e_2\" data-label=\"Phone\" type=\"tel\" placeholder=\"\" value=\"\" data-type=\"tel\" class=\"kb-field kb-text-style-field kb-tel-field kb-field-2\" data-required=\"yes\"\/><\/div><div class=\"kadence-blocks-form-field kb-form-field-3 kb-field-desk-width-100 kb-input-size-standard\"><label for=\"kb_field_570_77b72f-7e_3\">Message<span class=\"required\">*<\/span><\/label><textarea name=\"kb_field_3\" id=\"kb_field_570_77b72f-7e_3\" data-label=\"Message\" type=\"textarea\" placeholder=\"\" data-type=\"textarea\" class=\"kb-field kb-text-style-field kb-textarea-field kb-field-3\" rows=\"4\" data-required=\"yes\"><\/textarea><\/div><div class=\"kadence-blocks-form-field kb-form-field-4 kb-field-desk-width-100 kb-input-size-standard\"><label for=\"kb_field_570_77b72f-7e_4\">SMS Messaging<span class=\"required\">*<\/span><\/label><div data-type=\"checkbox\" data-label=\"SMS Messaging\" id=\"kb_field_570_77b72f-7e_4\" class=\"kb-field kb-checkbox-style-field kb-checkbox-field kb-field-4 kb-radio-style-normal\" data-required=\"yes\"><div data-type=\"checkbox\" class=\"kb-checkbox-item kb-checkbox-item-0\"><input type=\"checkbox\" name=\"kb_field_4[]\" id=\"kb_field_4_0\" class=\"kb-sub-field kb-checkbox-style\" value=\"I consent to receive SMS text messages from Hillside Dental.\"\/><label for=\"kb_field_4_0\">I consent to receive SMS text messages from Hillside Dental.<\/label><\/div><\/div><\/div><input type=\"hidden\" name=\"_kb_form_id\" value=\"570_77b72f-7e\"\/><input type=\"hidden\" name=\"_kb_form_post_id\" value=\"570\"\/><input type=\"hidden\" name=\"action\" value=\"kb_process_ajax_submit\"\/><div class=\"kadence-blocks-form-field google-recaptcha-checkout-wrap\"><p id=\"kb-container-g-recaptcha\" class=\"google-recaptcha-container\"><span id=\"kb_recaptcha_570_77b72f-7e\" class=\"kadence-blocks-g-recaptcha-v2 g-recaptcha kb_recaptcha_570_77b72f-7e\" style=\"display:inline-block\"><\/span><\/p><\/div><label class=\"kadence-verify-label\">Email<input class=\"kadence-blocks-field verify\" type=\"text\" name=\"_kb_verify_email\" autocomplete=\"new-password\" aria-hidden=\"true\" placeholder=\"Email\" tabindex=\"-1\" data-1p-ignore=\"true\" data-lpignore=\"true\" \/><\/label><div class=\"kadence-blocks-form-field kb-submit-field kb-field-desk-width-100\"><button class=\"kb-forms-submit button kb-button-size-standard kb-button-width-auto\">Submit<\/button><\/div><\/form><\/div>\n<noscript><div class=\"kadence-blocks-form-message kadence-blocks-form-warning\">Please enable JavaScript in your browser to submit the form<\/div><style>.kadence-form-570_77b72f-7e .kadence-blocks-form-field.kb-submit-field { display: none; }<\/style><\/noscript>","protected":false},"excerpt":{"rendered":"<p>Estamos orgullosos de presentar nuestro programa de referencia de recompensas dentales para amigos y familiares. Esta es nuestra manera de&hellip;<\/p>\n","protected":false},"author":1,"featured_media":573,"parent":0,"menu_order":0,"comment_status":"closed","ping_status":"closed","template":"","meta":{"_coblocks_attr":"","_coblocks_dimensions":"","_coblocks_responsive_height":"","_coblocks_accordion_ie_support":"","_kad_blocks_custom_css":"","_kad_blocks_head_custom_js":"","_kad_blocks_body_custom_js":"","_kad_blocks_footer_custom_js":"","footnotes":""},"class_list":["post-570","page","type-page","status-publish","has-post-thumbnail","hentry"],"translation":{"provider":"WPGlobus","version":"3.0.2","language":"es","enabled_languages":["en","es"],"languages":{"en":{"title":true,"content":true,"excerpt":false},"es":{"title":true,"content":true,"excerpt":false}}},"aioseo_notices":[],"taxonomy_info":[],"featured_image_src_large":["https:\/\/www.hillsidedentalelpaso.com\/wp-content\/uploads\/2019\/11\/refer-a-friend-program-1024x452.jpg",688,304,true],"author_info":{"display_name":"admin","author_link":"https:\/\/www.hillsidedentalelpaso.com\/es\/author\/admin\/"},"comment_info":0,"_links":{"self":[{"href":"https:\/\/www.hillsidedentalelpaso.com\/es\/wp-json\/wp\/v2\/pages\/570","targetHints":{"allow":["GET"]}}],"collection":[{"href":"https:\/\/www.hillsidedentalelpaso.com\/es\/wp-json\/wp\/v2\/pages"}],"about":[{"href":"https:\/\/www.hillsidedentalelpaso.com\/es\/wp-json\/wp\/v2\/types\/page"}],"author":[{"embeddable":true,"href":"https:\/\/www.hillsidedentalelpaso.com\/es\/wp-json\/wp\/v2\/users\/1"}],"replies":[{"embeddable":true,"href":"https:\/\/www.hillsidedentalelpaso.com\/es\/wp-json\/wp\/v2\/comments?post=570"}],"version-history":[{"count":11,"href":"https:\/\/www.hillsidedentalelpaso.com\/es\/wp-json\/wp\/v2\/pages\/570\/revisions"}],"predecessor-version":[{"id":1615,"href":"https:\/\/www.hillsidedentalelpaso.com\/es\/wp-json\/wp\/v2\/pages\/570\/revisions\/1615"}],"wp:featuredmedia":[{"embeddable":true,"href":"https:\/\/www.hillsidedentalelpaso.com\/es\/wp-json\/wp\/v2\/media\/573"}],"wp:attachment":[{"href":"https:\/\/www.hillsidedentalelpaso.com\/es\/wp-json\/wp\/v2\/media?parent=570"}],"curies":[{"name":"wp","href":"https:\/\/api.w.org\/{rel}","templated":true}]}}