{"id":441,"date":"2019-11-07T16:53:10","date_gmt":"2019-11-07T23:53:10","guid":{"rendered":"https:\/\/www.hillsidedentalelpaso.com\/?page_id=441"},"modified":"2026-04-28T12:07:23","modified_gmt":"2026-04-28T18:07:23","slug":"affordable-dental-implants","status":"publish","type":"page","link":"https:\/\/www.hillsidedentalelpaso.com\/es\/affordable-dental-implants.html","title":{"rendered":"Implantes dentales asequibles"},"content":{"rendered":"\n<h2 class=\"wp-block-heading\">\u00a1Implantes dentales en El Paso!<\/h2>\n\n\n\n<h3 class=\"wp-block-heading\">\u00a1Llame hoy!  <strong><a href=\"tel:+19155003643\">915-500-3643<\/a><\/strong>  <\/h3>\n\n\n\n<div class=\"wp-block-coblocks-row coblocks-row-107164933916\" data-columns=\"2\" data-layout=\"66-33\"><div class=\"wp-block-coblocks-row__inner has-no-padding has-no-margin is-stacked-on-mobile has-medium-gutter\">\n<div class=\"wp-block-coblocks-column coblocks-column-107164936296\" style=\"width:66%\"><div class=\"wp-block-coblocks-column__inner has-no-padding has-no-margin\">\n<p>Los implantes dentales son lo m\u00e1s cercano que la odontolog\u00eda puede proporcionar para imitar los dientes naturales. Los implantes se pueden usar para reemplazar un solo diente faltante, varios dientes perdidos o para proporcionar estabilidad a una dentadura soportada por implantes. Los implantes se sienten como dientes naturales porque est\u00e1n firmemente anclados al hueso de la mand\u00edbula, lo que le permite masticar con confianza y comodidad.<\/p>\n<\/div><\/div>\n\n\n\n<div class=\"wp-block-coblocks-column coblocks-column-107164936299\" style=\"width:33%\"><div class=\"wp-block-coblocks-column__inner has-no-padding has-no-margin\"><div class=\"wp-block-image\">\n<figure class=\"aligncenter\"><img loading=\"lazy\" decoding=\"async\" width=\"346\" height=\"233\" src=\"https:\/\/www.hillsidedentalelpaso.com\/wp-content\/uploads\/2019\/11\/tooth-extraction_el-paso.png\" alt=\"Dental Implants El Paso\" class=\"wp-image-442\" srcset=\"https:\/\/www.hillsidedentalelpaso.com\/wp-content\/uploads\/2019\/11\/tooth-extraction_el-paso.png 346w, https:\/\/www.hillsidedentalelpaso.com\/wp-content\/uploads\/2019\/11\/tooth-extraction_el-paso-300x202.png 300w\" sizes=\"auto, (max-width: 346px) 100vw, 346px\" \/><\/figure>\n<\/div><\/div><\/div>\n<\/div><\/div>\n\n\n\n<p>Un implante dental se compone de dos partes principales: el implante que reemplaza la ra\u00edz del diente y la corona que es la porci\u00f3n del diente visible por encima de la l\u00ednea de las enc\u00edas.<\/p>\n\n\n\n<p>Los implantes dentales en El Paso, TX son una excelente manera para que los pacientes logren la sonrisa que siempre han querido. \u00bfHa perdido sus dientes debido a un accidente? \u00bfTe da verg\u00fcenza tu sonrisa en p\u00fablico debido a dientes rotos, perdidos o en descomposici\u00f3n? Su sonrisa es una de las primeras cosas que la gente nota, as\u00ed que si su sonrisa no est\u00e1 en su mejor momento, considere los implantes dentales de Hillside Dental.<\/p>\n\n\n\n<h2 class=\"wp-block-heading\">Los beneficios de los implantes dentales<\/h2>\n\n\n\n<p><strong>Los implantes dentales se comportan como dientes naturales<\/strong><br>Un implante puede restaurar el poder de masticaci\u00f3n completo. Ser\u00e1 dif\u00edcil distinguir entre sus dientes naturales y el diente del implante. Puedes comer con \u00e9l completamente normalmente, y tambi\u00e9n puedes cepillarte y usar hilo dental normalmente.<\/p>\n\n\n\n<p><strong>Los implantes dentales pueden durar toda la vida<\/strong><br>Mientras que un puente dental solo puede durar alrededor de 10 a\u00f1os m\u00e1s o menos, los implantes dentales pueden durar toda la vida con un mantenimiento adecuado. Los implantes dentales est\u00e1n hechos de titanio que se integra con la mand\u00edbula. Es biocompatible, lo que significa que no es t\u00f3xico y no es rechazado por el cuerpo. El implante dental incluso fortalecer\u00e1 el hueso de la mand\u00edbula al estimular el crecimiento \u00f3seo.<\/p>\n\n\n\n<p><strong>Los implantes dentales previenen la p\u00e9rdida \u00f3sea<\/strong><br>Un diente faltante eventualmente conducir\u00e1 a la retroceso del hueso de la mand\u00edbula. Si no se coloca ning\u00fan implante o injerto \u00f3seo en la ra\u00edz dentro del primer a\u00f1o de perder un diente, esa \u00e1rea \u00f3sea perder\u00e1 el 25% de su volumen y la p\u00e9rdida \u00f3sea continuar\u00e1 a lo largo de los a\u00f1os. Las dentaduras postizas a veces aceleran la p\u00e9rdida \u00f3sea cuando se aflojan, y luego se frotan contra la mand\u00edbula, desgast\u00e1ndola gradualmente..<\/p>\n\n\n\n<h2 class=\"wp-block-heading\">\u00a1Programe una consulta de implantes dentales!<\/h2>\n\n\n\n<p>Aqu\u00ed en Hillside Dental somos expertos en implantes dentales. Nuestro m\u00e9dico y personal proporcionar\u00e1n la m\u00e1s alta calidad de tratamiento dental y explicar\u00e1n en detalle lo que implicar\u00e1 el procedimiento. Si necesita un implante dental en El Paso, llame a Hillside Dental al 915-500-3643 o programe una cita completando este formulario.<\/p>\n\n\n\n\n\n<h2 class=\"wp-block-heading\">Por qu\u00e9 los implantes dentales son un tratamiento dental popular<\/h2>\n\n\n\n<p>Los implantes dentales est\u00e1n dise\u00f1ados para parecerse, sentirse y funcionar como sus dientes naturales. Es por eso que son la mejor opci\u00f3n para sus dientes reales. De todos los avances tecnol\u00f3gicos en odontolog\u00eda, los implantes dentales han sido los m\u00e1s significativos desde que aparecieron por primera vez en la d\u00e9cada de 1950.<\/p>\n\n\n<div class=\"wp-block-image\">\n<figure class=\"aligncenter\"><img decoding=\"async\" src=\"https:\/\/www.hillsidedentalelpaso.com\/wp-content\/uploads\/2020\/03\/implants-el-pasao-dentist.jpg\" alt=\"Dental Implant Treatment - El Paso, TX\"\/><\/figure>\n<\/div>\n\n\n<h2 class=\"wp-block-heading\">Ventajas de los implantes dentales<\/h2>\n\n\n\n<p>Dado que los implantes dentales est\u00e1n hechos de un metal biocompatible llamado titanio, se adhieren a la mand\u00edbula. Esto crea una base firme para que la corona se coloque encima y tambi\u00e9n estimula el crecimiento \u00f3seo en la mand\u00edbula. Los implantes dentales tambi\u00e9n tienen una tasa de \u00e9xito del 98%, lo que los convierte en la forma m\u00e1s confiable de reemplazo de dientes.<\/p>\n\n\n\n<p>Los implantes dentales tambi\u00e9n pueden durar toda la vida dependiendo de un r\u00e9gimen de higiene oral adecuado y una buena salud oral. Por lo tanto, no solo son una buena inversi\u00f3n para la apariencia est\u00e9tica, sino que tambi\u00e9n ser\u00e1n una buena inversi\u00f3n para su salud oral.<\/p>\n\n\n\n<h2 class=\"wp-block-heading\">\u00bfLos implantes dentales son para m\u00ed?<\/h2>\n\n\n\n<p>Si le faltan uno o m\u00e1s dientes o caries dentales graves que no se pueden reparar, probablemente sea un buen candidato para los implantes dentales. Si est\u00e1 cansado de que se rompan puentes, coronas o dentaduras postizas, lo m\u00e1s probable es que se beneficie de la tecnolog\u00eda de implantes dentales.<\/p>\n\n\n\n<p>Antes, los pacientes con densidad \u00f3sea insuficiente en el hueso de la mand\u00edbula y otros problemas de salud les imped\u00edan recibir implantes dentales. Pero con tantos avances en el diagn\u00f3stico y la reconstrucci\u00f3n \u00f3sea, la mayor\u00eda de la poblaci\u00f3n podr\u00e1 recibir implantes dentales.<\/p>\n\n\n\n<h2 class=\"wp-block-heading\">Programe una consulta de implantes dentales<\/h2>\n\n\n\n<p>Programe una consulta de implantes dentales hoy visitando nuestra p\u00e1gina Cont\u00e1ctenos, o ll\u00e1menos al 915-500-3643. Nuestro personal dental est\u00e1 aqu\u00ed para responder cualquiera de sus preguntas y ayudarlo a trav\u00e9s del proceso de comprensi\u00f3n del tratamiento dental. \u00a1Llama hoy!<\/p>\n\n\n\n<h2 class=\"wp-block-heading\">5 Datos sobre los implantes dentales<\/h2>\n\n\n\n<p>Un tratamiento de implante dental reemplaza la ra\u00edz del diente en el hueso de la mand\u00edbula y la reemplaza con un implante y luego una corona encima, reemplazando el diente por encima de la l\u00ednea de las enc\u00edas. Si usted o alguien que conoce est\u00e1 recibiendo un implante dental, hay algunas cosas que debe saber que har\u00e1n que cualquier preocupaci\u00f3n sobre el procedimiento se disipe.<\/p>\n\n\n<div class=\"wp-block-image\">\n<figure class=\"aligncenter is-resized\"><img loading=\"lazy\" decoding=\"async\" src=\"https:\/\/www.hillsidedentalelpaso.com\/wp-content\/uploads\/2019\/11\/dental-implant-el-paso-tx_orig-1024x592.jpg\" alt=\"Dental Implants - El Paso, TX\" width=\"512\" height=\"296\"\/><\/figure>\n<\/div>\n\n\n<h2 class=\"wp-block-heading\">1. Los implantes dentales tienen una alta tasa de \u00e9xito<\/h2>\n\n\n\n<p>La palabra cirug\u00eda puede ser aterradora para algunos, pero la verdad es que la cirug\u00eda de implantes dentales es extremadamente predecible con una alta tasa de \u00e9xito del 97%. Especialmente porque nuestro dentista aqu\u00ed en Hillside Dental es un especialista en dentaduras postizas e implantes con m\u00e1s de 11 a\u00f1os de experiencia. Nuestros pacientes siempre se sorprenden de la falta de sensibilidad despu\u00e9s de la cirug\u00eda oral. Adem\u00e1s de eso, sus implantes dentales pueden durar toda la vida con cepillado regular, uso de hilo dental y limpiezas dentales en nuestro consultorio dental de El Paso, TX.<\/p>\n\n\n\n<h2 class=\"wp-block-heading\">2. Los implantes dentales preservan el hueso de la mand\u00edbula<\/h2>\n\n\n\n<p>La base del implante est\u00e1 hecha de titanio, que es un material biocompatible que promueve el crecimiento \u00f3seo. Este poste de titanio se adhiere firmemente al hueso de la mand\u00edbula, creando una base estable para colocar la corona que reemplaza el diente por encima de la l\u00ednea de las enc\u00edas. Esta es la raz\u00f3n por la cual un procedimiento de implante dental es tan exitoso y duradero. Los implantes dentales tambi\u00e9n ayudan a preservar el hueso de la mand\u00edbula para que no retroceda debido a la falta de un diente.<\/p>\n\n\n\n<h2 class=\"wp-block-heading\">3. Los implantes dentales se ven y se sienten como sus dientes naturales<\/h2>\n\n\n\n<p>Los implantes dentales tambi\u00e9n son la mejor soluci\u00f3n de tratamiento para los dientes perdidos porque se ven y se sienten como los dientes naturales. De hecho, los implantes dentales pueden restaurar su fuerza de mordida a lo que era hace a\u00f1os. Est\u00e1n hechos a medida para que coincidan con el color y la alineaci\u00f3n del resto de sus dientes. Todos estos factores te ayudan a sonre\u00edr, re\u00edr y comer m\u00e1s f\u00e1cil que nunca.<\/p>\n\n\n\n<h2 class=\"wp-block-heading\">4. Los implantes dentales son buenos para su salud<\/h2>\n\n\n\n<p>Tener dientes perdidos puede ser vergonzoso, especialmente cuando faltan en la parte frontal de la boca. Hacer que las situaciones sociales sean estresantes para alguien a quien le faltan dientes. Pero la verg\u00fcenza y el estr\u00e9s son solo la punta del iceberg cuando se trata de su salud general. Seg\u00fan la Cl\u00ednica Mayo, tener dientes perdidos puede acortar su vida en 10 a\u00f1os. Esto se debe a que tener dientes perdidos hace que sea dif\u00edcil masticar los alimentos para una digesti\u00f3n adecuada. Tambi\u00e9n hace que sea m\u00e1s dif\u00edcil masticar alimentos saludables como verduras de hoja verde y carnes ricas en minerales. Conf\u00ede en nosotros cuando decimos que los implantes dentales mejorar\u00e1n su calidad de vida y su salud en general.<\/p>\n\n\n\n<h2 class=\"wp-block-heading\">5. Los implantes dentales son comunes<\/h2>\n\n\n\n<p>Seg\u00fan la Organizaci\u00f3n Mundial de la Salud, el 69% de los adultos de 35 a 44 a\u00f1os han perdido al menos un diente, y el 26% de los adultos mayores de 74 a\u00f1os perder\u00e1n todos sus dientes. Adem\u00e1s, seg\u00fan la Academia Americana de Implantolog\u00eda Dental, alrededor de 3 millones de estadounidenses tienen implantes dentales. Alrededor de 500,000 personas al a\u00f1o reciben implantes dentales. Si est\u00e1 recibiendo implantes dentales, est\u00e1 en un grupo creciente de pacientes satisfechos y felizmente sonrientes.<\/p>\n\n\n\n<h2 class=\"wp-block-heading\">Preg\u00fantenos sobre el tratamiento de implantes dentales<\/h2>\n\n\n\n<p>En Hillside Dental, nuestro personal es servicial, amable y se da cuenta de que un paciente informado es un paciente c\u00f3modo. Queremos que conozca todos los aspectos del procedimiento. Si tiene alguna pregunta, no dude en llamarnos al 915.500.3643, o programar una cita visitando nuestra p\u00e1gina de contacto. \u00a1No podemos esperar para reemplazar tus dientes y verte sonre\u00edr!<\/p>\n\n\n\n<h2 class=\"wp-block-heading\">\u00bfPor qu\u00e9 los implantes dentales son mejores?<\/h2>\n\n\n\n<p>A pesar de todos los avances cient\u00edficos en el cuidado dental, millones de estadounidenses sufren de p\u00e9rdida de dientes cada a\u00f1o. Por lo general, la p\u00e9rdida de dientes es causada por caries, enfermedad periodontal o trauma. Durante a\u00f1os, los puentes y las dentaduras postizas fueron las \u00fanicas opciones disponibles para los pacientes, pero con la odontolog\u00eda moderna, ahora tiene la opci\u00f3n de implantes dentales.<\/p>\n\n\n\n<p>Los implantes dentales reemplazan la ra\u00edz del diente para crear una base firme para la corona que se coloca en la parte superior. Hay muchas ventajas para los implantes dentales, incluyendo:<\/p>\n\n\n\n<h2 class=\"wp-block-heading\">Mejor apariencia y sensaci\u00f3n<\/h2>\n\n\n\n<p>Los implantes dentales se ven m\u00e1s naturales que las dentaduras postizas porque est\u00e1n dise\u00f1ados con materiales biocompatibles para que se fusionen con el hueso de la mand\u00edbula. Dado que est\u00e1n fusionados firmemente con el hueso de la mand\u00edbula, se sienten m\u00e1s como dientes naturales. Se sienten mejor, por lo que tambi\u00e9n puede hablar con m\u00e1s claridad y tambi\u00e9n comer m\u00e1s alimentos que con las dentaduras postizas.<\/p>\n\n\n\n<p>Dado que los implantes dentales se ven mejor, tambi\u00e9n sentir\u00e1 la autoestima mejorada y volver\u00e1 a sonre\u00edr libremente en p\u00fablico. \u00a1Ya no tendr\u00e1s que ocultar tu hermosa sonrisa!<\/p>\n\n\n\n<h2 class=\"wp-block-heading\">M\u00e1s duradero y confiable<\/h2>\n\n\n\n<p>Con el cuidado dental adecuado, los implantes dentales tienen la posibilidad de durar toda la vida. No solo duran m\u00e1s que los procedimientos convencionales de reemplazo de dientes, sino que tambi\u00e9n son m\u00e1s confiables. Los implantes dentales tienen una tasa de \u00e9xito del 98% con un hueso de la mand\u00edbula sano. Su dentista y personal podr\u00e1n informarle si usted es un buen candidato para implantes dentales en El Paso, TX.<\/p>\n\n\n\n<h2 class=\"wp-block-heading\">\u00a1Programe una consulta de implantes dentales hoy!<\/h2>\n\n\n\n<p>Nuestro personal es amable y paciente, por lo que estamos esperando los tel\u00e9fonos para responder cualquier pregunta que pueda tener. Preg\u00fantanos cualquier cosa. Desde los tr\u00e1mites hasta la financiaci\u00f3n, te explicaremos todo lo que tengas duda.<\/p>\n\n\n\n<p>\u00a1Ll\u00e1menos hoy al 915-500-3643, o visite nuestra p\u00e1gina Cont\u00e1ctenos para solicitar una consulta!<\/p>\n\n\n","protected":false},"excerpt":{"rendered":"<p>\u00a1Implantes dentales en El Paso! \u00a1Llame hoy! 915-500-3643 Un implante dental se compone de dos partes principales: el implante que&hellip;<\/p>\n","protected":false},"author":1,"featured_media":549,"parent":0,"menu_order":0,"comment_status":"closed","ping_status":"closed","template":"","meta":{"_coblocks_attr":"","_coblocks_dimensions":"","_coblocks_responsive_height":"","_coblocks_accordion_ie_support":"","_kad_blocks_custom_css":"","_kad_blocks_head_custom_js":"","_kad_blocks_body_custom_js":"","_kad_blocks_footer_custom_js":"","footnotes":""},"class_list":["post-441","page","type-page","status-publish","has-post-thumbnail","hentry"],"translation":{"provider":"WPGlobus","version":"3.0.2","language":"es","enabled_languages":["en","es"],"languages":{"en":{"title":true,"content":true,"excerpt":false},"es":{"title":true,"content":true,"excerpt":false}}},"aioseo_notices":[],"taxonomy_info":[],"featured_image_src_large":["https:\/\/www.hillsidedentalelpaso.com\/wp-content\/uploads\/2019\/11\/dental-implant-el-paso-1.jpg",688,206,false],"author_info":{"display_name":"admin","author_link":"https:\/\/www.hillsidedentalelpaso.com\/es\/author\/admin\/"},"comment_info":0,"_links":{"self":[{"href":"https:\/\/www.hillsidedentalelpaso.com\/es\/wp-json\/wp\/v2\/pages\/441","targetHints":{"allow":["GET"]}}],"collection":[{"href":"https:\/\/www.hillsidedentalelpaso.com\/es\/wp-json\/wp\/v2\/pages"}],"about":[{"href":"https:\/\/www.hillsidedentalelpaso.com\/es\/wp-json\/wp\/v2\/types\/page"}],"author":[{"embeddable":true,"href":"https:\/\/www.hillsidedentalelpaso.com\/es\/wp-json\/wp\/v2\/users\/1"}],"replies":[{"embeddable":true,"href":"https:\/\/www.hillsidedentalelpaso.com\/es\/wp-json\/wp\/v2\/comments?post=441"}],"version-history":[{"count":21,"href":"https:\/\/www.hillsidedentalelpaso.com\/es\/wp-json\/wp\/v2\/pages\/441\/revisions"}],"predecessor-version":[{"id":1612,"href":"https:\/\/www.hillsidedentalelpaso.com\/es\/wp-json\/wp\/v2\/pages\/441\/revisions\/1612"}],"wp:featuredmedia":[{"embeddable":true,"href":"https:\/\/www.hillsidedentalelpaso.com\/es\/wp-json\/wp\/v2\/media\/549"}],"wp:attachment":[{"href":"https:\/\/www.hillsidedentalelpaso.com\/es\/wp-json\/wp\/v2\/media?parent=441"}],"curies":[{"name":"wp","href":"https:\/\/api.w.org\/{rel}","templated":true}]}}