{"id":435,"date":"2019-11-07T16:33:54","date_gmt":"2019-11-07T23:33:54","guid":{"rendered":"https:\/\/www.hillsidedentalelpaso.com\/?page_id=435"},"modified":"2026-04-28T12:10:10","modified_gmt":"2026-04-28T18:10:10","slug":"full-partial-dentures","status":"publish","type":"page","link":"https:\/\/www.hillsidedentalelpaso.com\/es\/full-partial-dentures.html","title":{"rendered":"Dentaduras postizas completas y parciales"},"content":{"rendered":"\n<h2 class=\"wp-block-heading\">Dentaduras postizas en El Paso<\/h2>\n\n\n\n<h3 class=\"wp-block-heading\">\u00a1Llame hoy!  <strong><a href=\"tel:+19155003643\" title=\"\">915-500-3643<\/a><\/strong>   <\/h3>\n\n\n\n<div class=\"wp-block-coblocks-row coblocks-row-107163056269\" data-columns=\"2\" data-layout=\"66-33\"><div class=\"wp-block-coblocks-row__inner has-no-padding has-no-margin is-stacked-on-mobile has-medium-gutter\">\n<div class=\"wp-block-coblocks-column coblocks-column-10716305917\" style=\"width:66%\"><div class=\"wp-block-coblocks-column__inner has-no-padding has-no-margin\">\n<p>Las dentaduras postizas son una placa removible, que sirven como plataforma donde podemos colocar dientes artificiales. Para cualquier persona que tenga dientes perdidos, las dentaduras postizas pueden servir como una excelente alternativa a los dientes permanentes. Las dentaduras postizas sirven tanto para fines est\u00e9ticos como de utilidad, se ven muy bien y le permiten disfrutar de todas sus comidas favoritas. Funcionan igual que los dientes reales.<\/p>\n<\/div><\/div>\n\n\n\n<div class=\"wp-block-coblocks-column coblocks-column-10716305920\" style=\"width:33%\"><div class=\"wp-block-coblocks-column__inner has-no-padding has-no-margin\"><div class=\"wp-block-image\">\n<figure class=\"aligncenter\"><img loading=\"lazy\" decoding=\"async\" width=\"283\" height=\"210\" src=\"https:\/\/www.hillsidedentalelpaso.com\/wp-content\/uploads\/2019\/11\/dentures-el-paso.jpg\" alt=\"Dentures El Paso\" class=\"wp-image-436\"\/><figcaption class=\"wp-element-caption\">Las dentaduras postizas soportadas por implantes est\u00e1n disponibles como restauraciones completas y parciales.<\/figcaption><\/figure>\n<\/div><\/div><\/div>\n<\/div><\/div>\n\n\n\n<p>Las dentaduras postizas soportadas por implantes est\u00e1n disponibles como restauraciones completas y parciales. Este tipo de dentadura postiza se ajustar\u00e1 directamente sobre los implantes dentales, peque\u00f1os postes que se colocan quir\u00fargicamente en la mand\u00edbula. Los implantes replicar\u00e1n la funci\u00f3n de las ra\u00edces dentales, proporcionando una base extremadamente estable para su pr\u00f3tesis.<\/p>\n\n\n\n<p>Las dentaduras postizas pueden restaurar sus habilidades de masticaci\u00f3n y mejorar la apariencia de su sonrisa.<\/p>\n\n\n\n<h2 class=\"wp-block-heading\">Precios asequibles para dentaduras postizas de implantes dentales<\/h2>\n\n\n\n<p>Aqu\u00ed en Hillside Dental en El Paso, tenemos precios por adelantado para nuestros implantes dentales de bajo costo, as\u00ed como nuestros otros procedimientos. Muchos de los precios anunciados que ve en otros consultorios dentales en vallas publicitarias o escucha en la radio son enga\u00f1osos, ya que solo anuncian el precio del &#8220;Procedimiento de implante&#8221;, que dicen que es de solo $ 399.<\/p>\n\n\n\n<p>Este precio no incluye el precio del pilar y la corona que se necesitan para completar el implante dental, por lo que su costo final es mucho mayor. Su precio promedio para un implante dental completo es m\u00e1s como $ 2000 en total.\u200b<br>Adem\u00e1s, algunas cl\u00ednicas solo anuncian el precio de los dientes posteriores consecutivos. Nuestros precios asequibles son sencillos. Nuestros implantes dentales son algunos de los m\u00e1s baratos de todo Texas. Somos expertos en Implantes Dentales. Si est\u00e1 interesado en obtener una consulta gratuita, complete nuestro formulario o ll\u00e1menos.<\/p>\n\n\n\n<h2 class=\"wp-block-heading\">Preg\u00fantenos cualquier cosa sobre nuestras dentaduras postizas<\/h2>\n\n\n\n<p>Nuestro amable personal est\u00e1 esperando pacientemente para responder cualquier pregunta que pueda tener sobre dentaduras postizas, implantes dentales o cualquier otro servicio dental que ofrezcamos a nuestros pacientes. Estamos ubicados convenientemente en Dyer en el noreste de El Paso, TX. Ll\u00e1menos hoy al 915-500-3643, o complete el formulario en esta p\u00e1gina para recibir una consulta inicial sobre dentaduras postizas.<\/p>\n\n\n","protected":false},"excerpt":{"rendered":"<p>Dentaduras postizas en El Paso \u00a1Llame hoy! 915-500-3643 Las dentaduras postizas soportadas por implantes est\u00e1n disponibles como restauraciones completas y&hellip;<\/p>\n","protected":false},"author":1,"featured_media":558,"parent":0,"menu_order":0,"comment_status":"closed","ping_status":"closed","template":"","meta":{"_coblocks_attr":"","_coblocks_dimensions":"","_coblocks_responsive_height":"","_coblocks_accordion_ie_support":"","_kad_blocks_custom_css":"","_kad_blocks_head_custom_js":"","_kad_blocks_body_custom_js":"","_kad_blocks_footer_custom_js":"","footnotes":""},"class_list":["post-435","page","type-page","status-publish","has-post-thumbnail","hentry"],"translation":{"provider":"WPGlobus","version":"3.0.2","language":"es","enabled_languages":["en","es"],"languages":{"en":{"title":true,"content":true,"excerpt":false},"es":{"title":true,"content":true,"excerpt":false}}},"aioseo_notices":[],"taxonomy_info":[],"featured_image_src_large":["https:\/\/www.hillsidedentalelpaso.com\/wp-content\/uploads\/2019\/11\/dentures-el-paso-1.jpg",688,206,false],"author_info":{"display_name":"admin","author_link":"https:\/\/www.hillsidedentalelpaso.com\/es\/author\/admin\/"},"comment_info":0,"_links":{"self":[{"href":"https:\/\/www.hillsidedentalelpaso.com\/es\/wp-json\/wp\/v2\/pages\/435","targetHints":{"allow":["GET"]}}],"collection":[{"href":"https:\/\/www.hillsidedentalelpaso.com\/es\/wp-json\/wp\/v2\/pages"}],"about":[{"href":"https:\/\/www.hillsidedentalelpaso.com\/es\/wp-json\/wp\/v2\/types\/page"}],"author":[{"embeddable":true,"href":"https:\/\/www.hillsidedentalelpaso.com\/es\/wp-json\/wp\/v2\/users\/1"}],"replies":[{"embeddable":true,"href":"https:\/\/www.hillsidedentalelpaso.com\/es\/wp-json\/wp\/v2\/comments?post=435"}],"version-history":[{"count":20,"href":"https:\/\/www.hillsidedentalelpaso.com\/es\/wp-json\/wp\/v2\/pages\/435\/revisions"}],"predecessor-version":[{"id":1613,"href":"https:\/\/www.hillsidedentalelpaso.com\/es\/wp-json\/wp\/v2\/pages\/435\/revisions\/1613"}],"wp:featuredmedia":[{"embeddable":true,"href":"https:\/\/www.hillsidedentalelpaso.com\/es\/wp-json\/wp\/v2\/media\/558"}],"wp:attachment":[{"href":"https:\/\/www.hillsidedentalelpaso.com\/es\/wp-json\/wp\/v2\/media?parent=435"}],"curies":[{"name":"wp","href":"https:\/\/api.w.org\/{rel}","templated":true}]}}