{"id":432,"date":"2019-11-07T16:29:23","date_gmt":"2019-11-07T23:29:23","guid":{"rendered":"https:\/\/www.hillsidedentalelpaso.com\/?page_id=432"},"modified":"2026-04-28T11:59:33","modified_gmt":"2026-04-28T17:59:33","slug":"same-day-emergency-dental","status":"publish","type":"page","link":"https:\/\/www.hillsidedentalelpaso.com\/es\/same-day-emergency-dental.html","title":{"rendered":"Dental de emergencia el mismo d\u00eda"},"content":{"rendered":"\n<h2 class=\"wp-block-heading\">\u00bfTiene una emergencia dental?<\/h2>\n\n\n\n<h3 class=\"wp-block-heading\">\u00a1Llame hoy!  <strong><a href=\"tel:+19155003643\">915-500-3643<\/a><\/strong>   <\/h3>\n\n\n\n<div class=\"wp-block-coblocks-row coblocks-row-107162813479\" data-columns=\"2\" data-layout=\"66-33\"><div class=\"wp-block-coblocks-row__inner has-no-padding has-no-margin is-stacked-on-mobile has-medium-gutter\">\n<div class=\"wp-block-coblocks-column coblocks-column-107162816129\" style=\"width:66%\"><div class=\"wp-block-coblocks-column__inner has-no-padding has-no-margin\">\n<p>Descuidar una emergencia dental nunca debe ser una opci\u00f3n. En Hillside Dental, nos enorgullecemos de abordar sus inquietudes dentales inesperadas con la atenci\u00f3n inmediata que merece. Esto no solo saca a nuestros pacientes del dolor m\u00e1s r\u00e1pido, sino que tambi\u00e9n puede evitar que se desarrollen problemas dentales m\u00e1s graves.<\/p>\n<\/div><\/div>\n\n\n\n<div class=\"wp-block-coblocks-column coblocks-column-107162816133\" style=\"width:33%\"><div class=\"wp-block-coblocks-column__inner has-no-padding has-no-margin\"><div class=\"wp-block-image\">\n<figure class=\"aligncenter\"><img loading=\"lazy\" decoding=\"async\" width=\"352\" height=\"255\" src=\"https:\/\/www.hillsidedentalelpaso.com\/wp-content\/uploads\/2019\/11\/emergency-care-el-paso-dentist_orig-1.jpg\" alt=\"Emergency Dentist - El Paso, TX\" class=\"wp-image-433\" srcset=\"https:\/\/www.hillsidedentalelpaso.com\/wp-content\/uploads\/2019\/11\/emergency-care-el-paso-dentist_orig-1.jpg 352w, https:\/\/www.hillsidedentalelpaso.com\/wp-content\/uploads\/2019\/11\/emergency-care-el-paso-dentist_orig-1-300x217.jpg 300w\" sizes=\"auto, (max-width: 352px) 100vw, 352px\" \/><figcaption class=\"wp-element-caption\">\u00bfTiene una emergencia dental? \u00a1Estamos aqu\u00ed para ayudar!<\/figcaption><\/figure>\n<\/div><\/div><\/div>\n<\/div><\/div>\n\n\n\n<p>Si experimenta dolor por abscesos, enc\u00edas inflamadas, dientes rotos, caries o aparatos ortop\u00e9dicos, visite nuestra oficina. Hillside Dental ofrece odontolog\u00eda de emergencia en El Paso, TX.<\/p>\n\n\n\n<hr class=\"wp-block-separator has-css-opacity\"\/>\n\n\n\n<h2 class=\"wp-block-heading\">\u00bfTiene una emergencia dental? Estamos aqu\u00ed para ayudar<\/h2>\n\n\n\n<p>En Hillside Dental, sabemos que los accidentes ocurren. Entonces, cuando lo hacen, necesita atenci\u00f3n dental de emergencia de inmediato. Es por eso que estamos disponibles por las noches, los fines de semana, para citas el mismo d\u00eda y al d\u00eda siguiente. Incluso permaneceremos abiertos hasta tarde para brindarle la ayuda dental de emergencia que necesita. Ya sea que sufra de una ra\u00edz dental con absceso, dolor de muelas, diente astillado o agrietado, diente ca\u00eddo, enc\u00edas infectadas o una corona dental faltante, estamos aqu\u00ed para ayudarlo, de d\u00eda o de noche.<\/p>\n\n\n\n<h2 class=\"wp-block-heading\">Programe una visita dental de emergencia<\/h2>\n\n\n\n\n\n<h2 class=\"wp-block-heading\">Qu\u00e9 hacer cuando ocurre una emergencia dental en El Paso<\/h2>\n\n\n\n<p><strong>\u00a1Ll\u00e1menos inmediatamente al 915-500-3643!<\/strong><\/p>\n\n\n\n<p>Lo primero que hay que recordar es mantener la calma. Hay muchos tipos diferentes de emergencias dentales que pueden ocurrir, a veces durante un per\u00edodo de tiempo, y a veces ocurren repentinamente y sin previo aviso. Este art\u00edculo repasar\u00e1 los diferentes tipos de emergencias dentales que existen y lo que puede hacer con cada una.<\/p>\n\n\n\n<p>Cuando tiene dolor extremo, la mayor\u00eda de las personas buscar\u00e1n inmediatamente una p\u00edldora para aliviar el dolor. Sin embargo, la aspirina y el ibuprofeno NO deben tomarse durante una emergencia dental porque son anticoagulantes que pueden causar sangrado excesivo. Para aliviar el dolor, tome acetaminof\u00e9n como se indica en la etiqueta del envase.<\/p>\n\n\n\n<p>Las lesiones en los dientes y las enc\u00edas pueden provocar infecciones u otras complicaciones, as\u00ed que aseg\u00farese de consultar a su dentista. Si su emergencia pone en peligro su vida, marque el 911 para Servicios M\u00e9dicos de Emergencia o vaya inmediatamente a la sala de emergencias de un hospital.<\/p>\n\n\n\n<h2 class=\"wp-block-heading\">Dolor de muelas<\/h2>\n\n\n\n<p>Un dolor de muelas es un dolor en o alrededor de un diente que puede ser causado por:<\/p>\n\n\n\n<ul class=\"wp-block-list\">\n<li>Tooth decay<\/li>\n\n\n\n<li>Abscessed tooth<\/li>\n\n\n\n<li>Tooth fracture<\/li>\n\n\n\n<li>A damaged filling<\/li>\n\n\n\n<li>Repetitive motions, such as chewing gum or grinding teeth<\/li>\n<\/ul>\n\n\n\n<p>Si el dolor es severo o ha durado m\u00e1s de 1-2 d\u00edas, o si tiene fiebre, debe consultar al dentista de inmediato. La \u00fanica manera segura de saber qu\u00e9 est\u00e1 causando el dolor de dientes es ver a un dentista, quien le har\u00e1 preguntas detalladas sobre lo que siente y realizar\u00e1 pruebas de diagn\u00f3stico, como radiograf\u00edas, para tratar de identificar la fuente exacta del dolor.<\/p>\n\n\n\n<h2 class=\"wp-block-heading\">Enc\u00edas inflamadas o infectadas<\/h2>\n\n\n\n<p>Las enc\u00edas inflamadas generalmente son causadas por caries, desechos entre los dientes, enfermedad periodontal y gingivitis. Cepillarse los dientes y usar hilo dental puede ayudar a desalojar cualquier material atascado en los dientes. Tambi\u00e9n puede enjuagarse la boca con agua salada para reducir la hinchaz\u00f3n y el dolor. Visitar al m\u00e9dico de inmediato siempre ser\u00e1 su mejor curso de acci\u00f3n. Nuestro amable personal y dentista responder\u00e1 cualquier pregunta que pueda tener.<\/p>\n\n\n\n<h2 class=\"wp-block-heading\">Diente noqueado<\/h2>\n\n\n\n<p>Si usted ha sufrido de un diente golpeado, recuerde guardar el diente inmediatamente. Recogi\u00e9ndolo solo por la corona (parte superior del diente) y nunca tocando el diente por la ra\u00edz para no da\u00f1arlo. Si el diente tiene suciedad solo enjuague con agua, evitando frotarlo para que no se rompa. Los dientes a menudo est\u00e1n en un estado fr\u00e1gil despu\u00e9s de ser noqueados y, si se rompen, el m\u00e9dico no podr\u00e1 volver a colocarlos.<\/p>\n\n\n\n<p>Si es posible, coloque suavemente el diente en el alv\u00e9olo. Mant\u00e9ngalo en su lugar con los dedos o muerda suavemente hasta que llegue al dentista. Si no puedes guardarlo en tu boca col\u00f3calo en un vaso de leche. Esto asegura que el diente permanecer\u00e1 h\u00famedo y saludable. Aseg\u00farese de ir al dentista inmediatamente, dentro de un per\u00edodo de 30 minutos si es posible.<\/p>\n\n\n\n<h2 class=\"wp-block-heading\">Diente o corona rotos<\/h2>\n\n\n\n<p><strong>Diente roto:<\/strong><br>Las caries o la erosi\u00f3n dental pueden debilitar los dientes, haci\u00e9ndolos m\u00e1s susceptibles a romperse al masticar alimentos duros. Los dientes agrietados o rotos son lesiones graves que no se pueden tratar en casa. Usted necesita ver a su dentista con el fin de reparar el diente roto o dientes.<\/p>\n\n\n\n<p>Mientras tanto, hay cosas que puede hacer para aliviar el dolor y reducir la hinchaz\u00f3n. Enju\u00e1guese la boca con agua tibia con sal para reducir la hinchaz\u00f3n. Adem\u00e1s, tome un analg\u00e9sico de venta libre, como el acetaminof\u00e9n. Si necesita comer, adhi\u00e9rase a los alimentos blandos y evite usar su diente roto para masticar.<\/p>\n\n\n\n<p><strong>Corona rota:<\/strong><br>Si una corona dental est\u00e1 da\u00f1ada o agrietada, ll\u00e1menos para obtener asesoramiento sobre qu\u00e9 tan pronto necesita ser visto. Es posible que deba venir a ver a nuestro dentista de inmediato. Examine el \u00e1rea para verificar si faltan o est\u00e1n rotas piezas. Puede ser posible reparar una corona dental astillada, dependiendo de cu\u00e1nto de ella est\u00e1 da\u00f1ada y qu\u00e9 tan grave es. Si el chip no es grande, su dentista puede repararlo con resina, un material compuesto del mismo color que el diente. En algunos casos, la corona solo necesita ser remodelada y alisada. Si el chip o la grieta son lo suficientemente graves, es posible que necesite una nueva corona.<\/p>\n\n\n\n<h2 class=\"wp-block-heading\">Frenos rotos<\/h2>\n\n\n\n<p>Llame a nuestra oficina para describir la situaci\u00f3n y programar una cita. Si el soporte suelto ha girado sobre el cable y sobresale, intente volver a su posici\u00f3n normal. Para minimizar el movimiento del aparato ortop\u00e9dico suelto, use cera dental. Tomar acetaminof\u00e9n y enjuagar con agua salada No importa cu\u00e1l sea su situaci\u00f3n, ir al dentista ser\u00e1 la mejor manera de volver al camino de la salud oral. Nuestro personal es profesional, amable y se preocupa por sus necesidades dentales. Responderemos cualquier pregunta que tenga y abordaremos todas sus inquietudes.<\/p>\n\n\n\n<h2 class=\"wp-block-heading\">Atenci\u00f3n dental de emergencia el mismo d\u00eda en El Paso, TX<\/h2>\n\n\n\n<p>Ll\u00e1menos hoy al 915-500-3643 o programe una cita en nuestra p\u00e1gina de contacto. \u00a1Esperamos poder tratarle!<\/p>\n","protected":false},"excerpt":{"rendered":"<p>\u00bfTiene una emergencia dental? \u00a1Llame hoy! 915-500-3643 Si experimenta dolor por abscesos, enc\u00edas inflamadas, dientes rotos, caries o aparatos ortop\u00e9dicos,&hellip;<\/p>\n","protected":false},"author":1,"featured_media":0,"parent":0,"menu_order":0,"comment_status":"closed","ping_status":"closed","template":"","meta":{"_coblocks_attr":"","_coblocks_dimensions":"","_coblocks_responsive_height":"","_coblocks_accordion_ie_support":"","_kad_blocks_custom_css":"","_kad_blocks_head_custom_js":"","_kad_blocks_body_custom_js":"","_kad_blocks_footer_custom_js":"","footnotes":""},"class_list":["post-432","page","type-page","status-publish","hentry"],"translation":{"provider":"WPGlobus","version":"3.0.2","language":"es","enabled_languages":["en","es"],"languages":{"en":{"title":true,"content":true,"excerpt":false},"es":{"title":true,"content":true,"excerpt":false}}},"aioseo_notices":[],"taxonomy_info":[],"featured_image_src_large":false,"author_info":{"display_name":"admin","author_link":"https:\/\/www.hillsidedentalelpaso.com\/es\/author\/admin\/"},"comment_info":0,"_links":{"self":[{"href":"https:\/\/www.hillsidedentalelpaso.com\/es\/wp-json\/wp\/v2\/pages\/432","targetHints":{"allow":["GET"]}}],"collection":[{"href":"https:\/\/www.hillsidedentalelpaso.com\/es\/wp-json\/wp\/v2\/pages"}],"about":[{"href":"https:\/\/www.hillsidedentalelpaso.com\/es\/wp-json\/wp\/v2\/types\/page"}],"author":[{"embeddable":true,"href":"https:\/\/www.hillsidedentalelpaso.com\/es\/wp-json\/wp\/v2\/users\/1"}],"replies":[{"embeddable":true,"href":"https:\/\/www.hillsidedentalelpaso.com\/es\/wp-json\/wp\/v2\/comments?post=432"}],"version-history":[{"count":23,"href":"https:\/\/www.hillsidedentalelpaso.com\/es\/wp-json\/wp\/v2\/pages\/432\/revisions"}],"predecessor-version":[{"id":1607,"href":"https:\/\/www.hillsidedentalelpaso.com\/es\/wp-json\/wp\/v2\/pages\/432\/revisions\/1607"}],"wp:attachment":[{"href":"https:\/\/www.hillsidedentalelpaso.com\/es\/wp-json\/wp\/v2\/media?parent=432"}],"curies":[{"name":"wp","href":"https:\/\/api.w.org\/{rel}","templated":true}]}}