{"id":429,"date":"2019-11-07T16:23:49","date_gmt":"2019-11-07T23:23:49","guid":{"rendered":"https:\/\/www.hillsidedentalelpaso.com\/?page_id=429"},"modified":"2026-04-28T12:01:44","modified_gmt":"2026-04-28T18:01:44","slug":"invisalign","status":"publish","type":"page","link":"https:\/\/www.hillsidedentalelpaso.com\/es\/invisalign.html","title":{"rendered":"Invisalign"},"content":{"rendered":"\n<h2 class=\"wp-block-heading\">Proveedor Invisalign en El Paso, TX<\/h2>\n\n\n\n<h3 class=\"wp-block-heading\">\u00a1Llame hoy!  <strong><a href=\"tel:+19155003643\">915-500-3643<\/a><\/strong>  <\/h3>\n\n\n\n<h2 class=\"wp-block-heading\">\u00bfQu\u00e9 es Invisalign\u00ae?<\/h2>\n\n\n\n<div class=\"wp-block-coblocks-row coblocks-row-107161815952\" data-columns=\"2\" data-layout=\"66-33\"><div class=\"wp-block-coblocks-row__inner has-no-padding has-no-margin is-stacked-on-mobile has-medium-gutter\">\n<div class=\"wp-block-coblocks-column coblocks-column-107161817710\" style=\"width:66%\"><div class=\"wp-block-coblocks-column__inner has-no-padding has-no-margin\">\n<p>Con los alineadores Invisalign\u00ae puede estar seguro con su sonrisa sabiendo que sus dientes se est\u00e1n volviendo impresionantemente rectos. Algunas personas nacen con dientes rectos, mientras que otras necesitan un poco de alineaci\u00f3n. Afortunadamente, los d\u00edas de los antiest\u00e9ticos tirantes de metal se han ido. Si bien los aparatos met\u00e1licos siempre tendr\u00e1n su lugar, los ajustes menores de alineaci\u00f3n dental son m\u00e1s f\u00e1ciles, m\u00e1s baratos y menos dolorosos con el tratamiento Invisalign\u00ae.<\/p>\n<\/div><\/div>\n\n\n\n<div class=\"wp-block-coblocks-column coblocks-column-107161817714\" style=\"width:33%\"><div class=\"wp-block-coblocks-column__inner has-no-padding has-no-margin\">\n<figure class=\"wp-block-image size-large\"><img loading=\"lazy\" decoding=\"async\" width=\"478\" height=\"243\" src=\"https:\/\/www.hillsidedentalelpaso.com\/wp-content\/uploads\/2020\/11\/invisalign-el-paso-tx.jpg\" alt=\"\" class=\"wp-image-879\" srcset=\"https:\/\/www.hillsidedentalelpaso.com\/wp-content\/uploads\/2020\/11\/invisalign-el-paso-tx.jpg 478w, https:\/\/www.hillsidedentalelpaso.com\/wp-content\/uploads\/2020\/11\/invisalign-el-paso-tx-300x153.jpg 300w\" sizes=\"auto, (max-width: 478px) 100vw, 478px\" \/><\/figure>\n<\/div><\/div>\n<\/div><\/div>\n\n\n\n<p>La mayor\u00eda de las personas est\u00e1n preocupadas por el impacto est\u00e9tico de los aparatos de metal en su sonrisa. Para los adultos, la perspectiva de tener que usar aparatos ortop\u00e9dicos met\u00e1licos poco atractivos durante largos per\u00edodos de tiempo puede ser desalentadora. Invisalign\u00ae ofrece un sistema de alineaci\u00f3n transparente que endereza los dientes r\u00e1pidamente y contiene ning\u00fan metal.<\/p>\n\n\n\n<p>A continuaci\u00f3n se muestra una lista de problemas dentales com\u00fanmente corregidos con Invisalign\u00ae:<\/p>\n\n\n\n<ul class=\"wp-block-list\">\n<li>Hacinamiento \u2013 El hacinamiento es un problema que se explica por s\u00ed mismo. Simplemente no hay suficiente espacio en tu boca para todos esos dientes. Esto puede causar caries dental y aumentar la probabilidad de enfermedad de las enc\u00edas.<\/li>\n\n\n\n<li>Grandes espacios entre los dientes: esto puede ocurrir cuando faltan dientes, la mand\u00edbula crece de manera anormal o los dientes apuntan en un \u00e1ngulo que los hace sobresalir hacia afuera.<\/li>\n\n\n\n<li>Mordida cruzada: este es un problema dental com\u00fan que ocurre cuando los dientes superiores muerden dentro de los dientes inferiores. Esto puede causar un desgaste desigual en los dientes y puede provocar erosi\u00f3n \u00f3sea y enfermedad de las enc\u00edas.<\/li>\n\n\n\n<li>Sobremordida \u2013 Este problema ocurre cuando los dientes superiores se proyectan m\u00e1s all\u00e1 y cubren completamente los dientes inferiores. Este problema puede eventualmente conducir a dolor de mand\u00edbula y ATM.<\/li>\n\n\n\n<li>Underbitte \u2013 Esto es lo opuesto a la sobremordida; Los dientes inferiores se proyectan m\u00e1s hacia afuera y cubren completamente los dientes superiores. Esto tambi\u00e9n puede causar dolor en la mand\u00edbula y ATM.<\/li>\n<\/ul>\n\n\n\n<h2 class=\"wp-block-heading\">Coste de Invisalign<\/h2>\n\n\n\n<p>Los costos de Invisalign\u00ae variar\u00e1n dependiendo de la complejidad de los problemas que afectan a sus dientes y la cantidad de bandejas alineadoras que se necesitar\u00e1n para lograr dientes rectos. Otro factor puede ser la cobertura que proporciona su seguro dental.<\/p>\n\n\n\n<p>Puede usar esta calculadora Invisalign para ayudar a calcular los costos y pagos que se necesitar\u00e1n para lograr esa sonrisa perfecta.<\/p>\n\n\n\n<h2 class=\"wp-block-heading\">\u00a1Programe una consulta Invisalign!<\/h2>\n\n\n\n<p>Para obtener m\u00e1s informaci\u00f3n sobre la odontolog\u00eda Invisalign\u00ae sin aparatos dentales, llame al 915-500-3643 o complete nuestro formulario en l\u00ednea Solicite una cita para programar su consulta gratuita con Hillside Dental. Brindamos servicios Invisalign a residentes de El Paso, TX.<\/p>\n\n\n","protected":false},"excerpt":{"rendered":"<p>Proveedor Invisalign en El Paso, TX \u00a1Llame hoy! 915-500-3643 \u00bfQu\u00e9 es Invisalign\u00ae? La mayor\u00eda de las personas est\u00e1n preocupadas por&hellip;<\/p>\n","protected":false},"author":1,"featured_media":881,"parent":0,"menu_order":0,"comment_status":"closed","ping_status":"closed","template":"","meta":{"_coblocks_attr":"","_coblocks_dimensions":"","_coblocks_responsive_height":"","_coblocks_accordion_ie_support":"","_kad_blocks_custom_css":"","_kad_blocks_head_custom_js":"","_kad_blocks_body_custom_js":"","_kad_blocks_footer_custom_js":"","footnotes":""},"class_list":["post-429","page","type-page","status-publish","has-post-thumbnail","hentry"],"translation":{"provider":"WPGlobus","version":"3.0.2","language":"es","enabled_languages":["en","es"],"languages":{"en":{"title":true,"content":true,"excerpt":false},"es":{"title":true,"content":true,"excerpt":false}}},"aioseo_notices":[],"taxonomy_info":[],"featured_image_src_large":["https:\/\/www.hillsidedentalelpaso.com\/wp-content\/uploads\/2020\/11\/invisalign-el-paso.jpg",688,206,false],"author_info":{"display_name":"admin","author_link":"https:\/\/www.hillsidedentalelpaso.com\/es\/author\/admin\/"},"comment_info":0,"_links":{"self":[{"href":"https:\/\/www.hillsidedentalelpaso.com\/es\/wp-json\/wp\/v2\/pages\/429","targetHints":{"allow":["GET"]}}],"collection":[{"href":"https:\/\/www.hillsidedentalelpaso.com\/es\/wp-json\/wp\/v2\/pages"}],"about":[{"href":"https:\/\/www.hillsidedentalelpaso.com\/es\/wp-json\/wp\/v2\/types\/page"}],"author":[{"embeddable":true,"href":"https:\/\/www.hillsidedentalelpaso.com\/es\/wp-json\/wp\/v2\/users\/1"}],"replies":[{"embeddable":true,"href":"https:\/\/www.hillsidedentalelpaso.com\/es\/wp-json\/wp\/v2\/comments?post=429"}],"version-history":[{"count":19,"href":"https:\/\/www.hillsidedentalelpaso.com\/es\/wp-json\/wp\/v2\/pages\/429\/revisions"}],"predecessor-version":[{"id":1610,"href":"https:\/\/www.hillsidedentalelpaso.com\/es\/wp-json\/wp\/v2\/pages\/429\/revisions\/1610"}],"wp:featuredmedia":[{"embeddable":true,"href":"https:\/\/www.hillsidedentalelpaso.com\/es\/wp-json\/wp\/v2\/media\/881"}],"wp:attachment":[{"href":"https:\/\/www.hillsidedentalelpaso.com\/es\/wp-json\/wp\/v2\/media?parent=429"}],"curies":[{"name":"wp","href":"https:\/\/api.w.org\/{rel}","templated":true}]}}