{"id":426,"date":"2019-11-07T16:15:39","date_gmt":"2019-11-07T23:15:39","guid":{"rendered":"https:\/\/www.hillsidedentalelpaso.com\/?page_id=426"},"modified":"2026-04-28T12:02:36","modified_gmt":"2026-04-28T18:02:36","slug":"tooth-extractions-wisdom-teeth","status":"publish","type":"page","link":"https:\/\/www.hillsidedentalelpaso.com\/es\/tooth-extractions-wisdom-teeth.html","title":{"rendered":"Extracciones dentales Muelas del juicio"},"content":{"rendered":"\n<h2 class=\"wp-block-heading\">Extracciones dentales indoloras<\/h2>\n\n\n\n<h3 class=\"wp-block-heading\">\u00a1Llame hoy!  <strong><a href=\"tel:+19155003643\" title=\"\">915-500-3643<\/a><\/strong> <\/h3>\n\n\n\n<div class=\"wp-block-coblocks-row coblocks-row-107161057336\" data-columns=\"2\" data-layout=\"66-33\"><div class=\"wp-block-coblocks-row__inner has-no-padding has-no-margin is-stacked-on-mobile has-medium-gutter\">\n<div class=\"wp-block-coblocks-column coblocks-column-107161059979\" style=\"width:66%\"><div class=\"wp-block-coblocks-column__inner has-no-padding has-no-margin\">\n<p>En el desafortunado caso de que sea necesario extraer un diente, est\u00e1s en buenas manos. Cuando un diente est\u00e1 gravemente da\u00f1ado o queda atrapado dentro del hueso de la mand\u00edbula debajo de las enc\u00edas, puede ser necesaria una extracci\u00f3n dental. Por lo general, se utiliza un anest\u00e9sico local para adormecer el \u00e1rea que rodea el diente. En Hillside Dental ofrecemos sedaci\u00f3n oral para minimizar la ansiedad y el dolor. Muelas del juicio En Hillside Dental en El Paso, podemos tratar problemas relacionados con sus terceros molares, m\u00e1s com\u00fanmente llamados muelas del juicio. Las muelas del juicio son el \u00faltimo conjunto de molares que se desarrollan y, por lo general, aparecen en la adolescencia tard\u00eda o principios de los 20 a\u00f1os. A menudo carecen de espacio adecuado en la mand\u00edbula para erupcionar completamente o incluso en absoluto. Cuando no hay suficiente espacio para que una muela del juicio erupcione, esta condici\u00f3n com\u00fan se llama impactaci\u00f3n. Las muelas del juicio impactadas pueden ser extremadamente dolorosas y, si no se tratan, pueden da\u00f1ar los dientes vecinos.<\/p>\n<\/div><\/div>\n\n\n\n<div class=\"wp-block-coblocks-column coblocks-column-107161059986\" style=\"width:33%\"><div class=\"wp-block-coblocks-column__inner has-no-padding has-no-margin\"><div class=\"wp-block-image\">\n<figure class=\"aligncenter\"><img loading=\"lazy\" decoding=\"async\" width=\"289\" height=\"199\" src=\"https:\/\/www.hillsidedentalelpaso.com\/wp-content\/uploads\/2019\/11\/tooth-extraction_8.png\" alt=\"Tooth Extraction El Paso, TX\" class=\"wp-image-427\"\/><\/figure>\n<\/div><\/div><\/div>\n<\/div><\/div>\n\n\n\n<h2 class=\"wp-block-heading\">Qu\u00e9 esperar durante sus extracciones dentales<\/h2>\n\n\n\n<p>Explicaremos claramente cada paso de una extracci\u00f3n dental antes de comenzar. Si no podemos revivir su diente con un procedimiento de odontolog\u00eda restauradora, nosotros: Planifique cuidadosamente su tratamiento con radiograf\u00edas digitales y otras tecnolog\u00edas dentales avanzadas que adormecen el \u00e1rea para una comodidad \u00f3ptima.<\/p>\n\n\n\n<p>Le quitaremos suavemente el diente y le daremos consejos sobre c\u00f3mo cuidar su boca despu\u00e9s de quitarle los dientes. Si est\u00e1 nervioso, tambi\u00e9n podemos ayudarlo a aliviar su ansiedad dental y aumentar su comodidad con las opciones de sedaci\u00f3n dental.<\/p>\n\n\n\n<h2 class=\"wp-block-heading\">\u00a1Programe una extracci\u00f3n dental hoy!<\/h2>\n\n\n\n<p>Ll\u00e1menos hoy y h\u00e1ganos cualquier pregunta sobre el procedimiento al 915-500-3643, o programe una cita completando el siguiente formulario.<\/p>\n\n\n\n\n\n<h2 class=\"wp-block-heading\">C\u00f3mo prepararse para la extracci\u00f3n de su diente: qu\u00e9 esperar<\/h2>\n\n\n\n<p>Despu\u00e9s de que usted y el dentista hayan decidido que es necesario extraer su diente infectado o da\u00f1ado, el siguiente paso es prepararse para su cita programada de extracci\u00f3n dental. Hay algunas cosas que puede hacer para prepararse.<\/p>\n\n\n<div class=\"wp-block-image\">\n<figure class=\"aligncenter\"><img decoding=\"async\" src=\"https:\/\/www.hillsidedentalelpaso.com\/wp-content\/uploads\/2019\/11\/tooth-extraction-el-paso.jpg\" alt=\"Tooth Extraction in El Paso, TX\"\/><\/figure>\n<\/div>\n\n\n<p>Informe al m\u00e9dico de cualquier afecci\u00f3n m\u00e9dica que pueda tener o haya tenido, como:<\/p>\n\n\n\n<ul class=\"wp-block-list\">\n<li>Heart conditions<\/li>\n\n\n\n<li>Impaired immune system<\/li>\n\n\n\n<li>Liver disease<\/li>\n\n\n\n<li>Artificial joints<\/li>\n\n\n\n<li>Cold or flu symptoms<\/li>\n\n\n\n<li>If you are taking antibiotics<\/li>\n\n\n\n<li>Allergies<\/li>\n\n\n\n<li>General health issues<\/li>\n<\/ul>\n\n\n\n<p>Para extraer las muelas del juicio impactadas, necesitaremos tomar una radiograf\u00eda panor\u00e1mica completa para que el m\u00e9dico pueda ver todas las estructuras internas de sus dientes y enc\u00edas que podr\u00edan verse afectadas por la extracci\u00f3n. Usted y el m\u00e9dico decidir\u00e1n qu\u00e9 m\u00e9todo de sedaci\u00f3n ser\u00e1 adecuado para usted.<\/p>\n\n\n\n<p>Saber qu\u00e9 esperar durante la cirug\u00eda oral y c\u00f3mo recuperarse eficazmente puede ayudar a guiarlo hacia una pronta recuperaci\u00f3n. La cirug\u00eda oral es a menudo un procedimiento ambulatorio que requiere anestesia local o general, lo que significa que regresar\u00e1 a casa poco despu\u00e9s de que se haya completado su operaci\u00f3n, con la aprobaci\u00f3n de nuestro dentista.<\/p>\n\n\n\n<p>Finalice sus arreglos para el transporte hacia y desde nuestra ubicaci\u00f3n en el este de El Paso antes de su cita. Sus sentidos pueden verse afectados por los efectos secundarios de la anestesia, por lo que es importante que alguien lo lleve al consultorio dental y lo lleve a casa despu\u00e9s.<\/p>\n\n\n\n<p>Tambi\u00e9n se le pedir\u00e1 que ayune antes de la cirug\u00eda. Nuestro dentista le dir\u00e1 exactamente cu\u00e1ntas horas antes de la cirug\u00eda se requerir\u00e1. Si es diab\u00e9tico, se le permite desayunar la ma\u00f1ana de su cita.<\/p>\n\n\n\n<p>Aseg\u00farese de llegar temprano a su cita de extracci\u00f3n dental, para que pueda reducir la ansiedad. Nuestro cirujano oral querr\u00e1 asegurarse de que todo est\u00e9 preparado para la extracci\u00f3n, y usted querr\u00e1 estar lo m\u00e1s c\u00f3modo posible.<\/p>\n\n\n\n<h2 class=\"wp-block-heading\">Recuperaci\u00f3n de la cirug\u00eda oral<\/h2>\n\n\n\n<p>El dentista le empacar\u00e1 la cavidad dental con una gasa y le pedir\u00e1 que muerda para detener el sangrado. Si el sangrado abundante contin\u00faa despu\u00e9s de usar la gasa varias veces, comun\u00edquese con su cirujano oral.<\/p>\n\n\n\n<p>Despu\u00e9s de la cirug\u00eda oral, es importante comer solo alimentos blandos que no da\u00f1en el \u00e1rea afectada. Es posible que reciba puntos de sutura que se disuelven autom\u00e1ticamente y que querr\u00e1 tener en cuenta. As\u00ed que evite todos los alimentos crujientes o duros. Mientras a\u00fan est\u00e9 bajo la influencia de la anestesia, debe evitar todos los alimentos o bebidas calientes, para no quemarse.<\/p>\n\n\n\n<p>Es posible que le receten antibi\u00f3ticos si ha tenido una infecci\u00f3n. As\u00ed que tome los antibi\u00f3ticos que le recetaron despu\u00e9s de la cirug\u00eda.<\/p>\n\n\n\n<p>Despu\u00e9s de regresar a casa, querr\u00e1 tom\u00e1rselo con calma durante un m\u00ednimo de 24 horas. Date suficiente tiempo para recuperarte inmediatamente despu\u00e9s de la extracci\u00f3n. Sus enc\u00edas seguir\u00e1n siendo bastante sensibles.<\/p>\n\n\n\n<p>Aplique hielo inmediatamente despu\u00e9s de la cirug\u00eda en intervalos de 10 minutos. Es importante que no se acueste boca arriba, use almohadas para apoyar la cabeza y disminuir el sangrado. Tambi\u00e9n debe evitar cepillarse o usar hilo dental en el \u00e1rea afectada y no fumar.<\/p>\n\n\n\n<p>Es normal sentir dolor despu\u00e9s de que desaparece la anestesia. Si la enc\u00eda comienza a sangrar o experimenta m\u00e1s dolor al d\u00eda siguiente, debe llamar a nuestro amable personal y hacer cualquier pregunta que pueda tener con respecto al dolor o sangrado.<\/p>\n\n\n\n<p>Para obtener la atenci\u00f3n dental que merece de un dentista asequible en El Paso, TX, llame a The Dentist hoy al (915) 263-8333 o haga una cita hoy.<\/p>\n","protected":false},"excerpt":{"rendered":"<p>Extracciones dentales indoloras \u00a1Llame hoy! 915-500-3643 Qu\u00e9 esperar durante sus extracciones dentales Explicaremos claramente cada paso de una extracci\u00f3n dental&hellip;<\/p>\n","protected":false},"author":1,"featured_media":530,"parent":0,"menu_order":0,"comment_status":"closed","ping_status":"closed","template":"","meta":{"_coblocks_attr":"","_coblocks_dimensions":"","_coblocks_responsive_height":"","_coblocks_accordion_ie_support":"","_kad_blocks_custom_css":"","_kad_blocks_head_custom_js":"","_kad_blocks_body_custom_js":"","_kad_blocks_footer_custom_js":"","footnotes":""},"class_list":["post-426","page","type-page","status-publish","has-post-thumbnail","hentry"],"translation":{"provider":"WPGlobus","version":"3.0.2","language":"es","enabled_languages":["en","es"],"languages":{"en":{"title":true,"content":true,"excerpt":false},"es":{"title":true,"content":true,"excerpt":false}}},"aioseo_notices":[],"taxonomy_info":[],"featured_image_src_large":["https:\/\/www.hillsidedentalelpaso.com\/wp-content\/uploads\/2019\/11\/tooth-extraction-el-paso-1.jpg",688,206,false],"author_info":{"display_name":"admin","author_link":"https:\/\/www.hillsidedentalelpaso.com\/es\/author\/admin\/"},"comment_info":0,"_links":{"self":[{"href":"https:\/\/www.hillsidedentalelpaso.com\/es\/wp-json\/wp\/v2\/pages\/426","targetHints":{"allow":["GET"]}}],"collection":[{"href":"https:\/\/www.hillsidedentalelpaso.com\/es\/wp-json\/wp\/v2\/pages"}],"about":[{"href":"https:\/\/www.hillsidedentalelpaso.com\/es\/wp-json\/wp\/v2\/types\/page"}],"author":[{"embeddable":true,"href":"https:\/\/www.hillsidedentalelpaso.com\/es\/wp-json\/wp\/v2\/users\/1"}],"replies":[{"embeddable":true,"href":"https:\/\/www.hillsidedentalelpaso.com\/es\/wp-json\/wp\/v2\/comments?post=426"}],"version-history":[{"count":23,"href":"https:\/\/www.hillsidedentalelpaso.com\/es\/wp-json\/wp\/v2\/pages\/426\/revisions"}],"predecessor-version":[{"id":1611,"href":"https:\/\/www.hillsidedentalelpaso.com\/es\/wp-json\/wp\/v2\/pages\/426\/revisions\/1611"}],"wp:featuredmedia":[{"embeddable":true,"href":"https:\/\/www.hillsidedentalelpaso.com\/es\/wp-json\/wp\/v2\/media\/530"}],"wp:attachment":[{"href":"https:\/\/www.hillsidedentalelpaso.com\/es\/wp-json\/wp\/v2\/media?parent=426"}],"curies":[{"name":"wp","href":"https:\/\/api.w.org\/{rel}","templated":true}]}}