{"id":420,"date":"2019-11-07T15:24:54","date_gmt":"2019-11-07T22:24:54","guid":{"rendered":"https:\/\/www.hillsidedentalelpaso.com\/?page_id=420"},"modified":"2026-04-28T11:58:09","modified_gmt":"2026-04-28T17:58:09","slug":"dental-cleanings-el-paso","status":"publish","type":"page","link":"https:\/\/www.hillsidedentalelpaso.com\/es\/dental-cleanings-el-paso.html","title":{"rendered":"Limpiezas Dentales El Paso"},"content":{"rendered":"\n<h2 class=\"wp-block-heading\">Examen dental, limpieza dental y limpieza profunda<\/h2>\n\n\n\n<h3 class=\"wp-block-heading\">\u00a1Llame hoy!  <strong><a href=\"tel:+19155003643\">915-500-3643<\/a><\/strong>  <\/h3>\n\n\n\n<p><strong>Limpiezas dentales de rutina<\/strong><br>Las limpiezas dentales son la forma m\u00e1s importante de odontolog\u00eda general preventiva. En casa, el cepillado y el uso de hilo dental eliminan la placa de los dientes. La placa es la pel\u00edcula pegajosa que se adhiere a los dientes y consiste en bacterias orales da\u00f1inas. Si no se elimina, la placa se endurece en sarro. En Hillside Dental, una limpieza elimina el sarro de los dientes y a lo largo de la l\u00ednea de las enc\u00edas. Como parte de sus ex\u00e1menes dentales regulares, las limpiezas dentales lo ayudan a prevenir problemas que de otro modo podr\u00edan llevar a la necesidad de un tratamiento cosm\u00e9tico o restaurador m\u00e1s extenso.<\/p>\n\n\n\n<p><strong>Limpiezas profundas (raspado y alisado radicular)<\/strong><br>Mientras que las limpiezas dentales regulares mantienen la placa, el sarro y las bacterias fuera de las coronas de los dientes, las bacterias orales a veces pueden trabajar para deteriorar los dientes debajo de las enc\u00edas y en las ra\u00edces. La infecci\u00f3n resultante, conocida como gingivitis, puede causar inflamaci\u00f3n desenfrenada de las enc\u00edas y, finalmente, conducir a la enfermedad de las enc\u00edas, la principal causa de p\u00e9rdida de dientes en adultos.<\/p>\n\n\n<div class=\"wp-block-image\">\n<figure class=\"aligncenter is-resized\"><img loading=\"lazy\" decoding=\"async\" src=\"https:\/\/www.hillsidedentalelpaso.com\/wp-content\/uploads\/2019\/11\/root-scaling-planning-teeth-cleaning.jpg\" alt=\"Teeth Cleaning in El Paso, TX\" class=\"wp-image-421\" width=\"353\" height=\"185\" srcset=\"https:\/\/www.hillsidedentalelpaso.com\/wp-content\/uploads\/2019\/11\/root-scaling-planning-teeth-cleaning.jpg 470w, https:\/\/www.hillsidedentalelpaso.com\/wp-content\/uploads\/2019\/11\/root-scaling-planning-teeth-cleaning-300x158.jpg 300w\" sizes=\"auto, (max-width: 353px) 100vw, 353px\" \/><figcaption class=\"wp-element-caption\">Escalado y alisado radicular en El Paso, TX<\/figcaption><\/figure>\n<\/div>\n\n\n<p>Si presenta signos de gingivitis, nuestro dentista puede recomendar una limpieza profunda, o raspado y alisado radicular, para eliminar la placa bacteriana y el sarro de debajo de las enc\u00edas. En la mayor\u00eda de los casos, podemos realizar un raspado ultras\u00f3nico para romper los dep\u00f3sitos de placa de manera m\u00e1s f\u00e1cil y c\u00f3moda. Sin embargo, el procedimiento a\u00fan puede requerir m\u00e1s de una visita para completarse.<\/p>\n\n\n\n<p>Otro beneficio de nuestro tratamiento de limpieza dental profunda es proteger sus dientes contra la p\u00e9rdida de dientes. Cuando las bolsas de las enc\u00edas exceden una cierta cantidad de mil\u00edmetros de profundidad, aumenta el riesgo de enfermedad periodontal. A medida que las bolsas en las enc\u00edas se profundizan, m\u00e1s bacterias pueden acumularse y colonizarse. Esta colecci\u00f3n de bacterias eventualmente causa una respuesta inflamatoria cr\u00f3nica por parte del cuerpo para destruir la gingivitis y el tejido \u00f3seo. Esto puede conducir a una r\u00e1pida caries dental y eventual p\u00e9rdida de dientes.<\/p>\n\n\n\n<p>El raspado y el alisado radicular pueden hacer que la boca y las enc\u00edas sean m\u00e1s est\u00e9ticamente agradables y deber\u00edan reducir el mal aliento causado por part\u00edculas de alimentos y bacterias en la boca. La decoloraci\u00f3n y las manchas en los dientes se eliminar\u00e1n durante el raspado y la planificaci\u00f3n, agregando una ventaja adicional a la efectividad del procedimiento.<\/p>\n\n\n\n<h2 class=\"wp-block-heading\">Programe una limpieza dental en El Paso, TX<\/h2>\n\n\n\n<p>Dependemos de nuestros dientes para actividades diarias importantes como comer y hablar. En Hillside Dental, sabemos que tener una sonrisa saludable es importante, por lo que recomendamos que nuestros pacientes nos visiten dos veces al a\u00f1o para limpiezas dentales regulares y profesionales. Programe una cita hoy llam\u00e1ndonos al 915-500-3643, o complete el formulario en esta p\u00e1gina.<\/p>\n\n\n\n\n\n<div style=\"height:20px\" aria-hidden=\"true\" class=\"wp-block-spacer\"><\/div>\n\n\n\n<h2 class=\"wp-block-heading\">\u00bfQu\u00e9 sucede durante un examen dental y limpieza dental?<\/h2>\n\n\n\n<p>Los ex\u00e1menes dentales regulares son una parte vital del cuidado preventivo de la salud dental y lo ayudar\u00e1n a mantener sus dientes y enc\u00edas saludables durante mucho tiempo.<\/p>\n\n\n\n<p>Durante su examen dental, nuestro dentista o higienista limpiar\u00e1 sus dientes y verificar\u00e1 si hay caries y enfermedades de las enc\u00edas. El examen incluye evaluar si tiene alg\u00fan problema de salud oral revisando su cara, cuello y boca para detectar cualquier anomal\u00eda. Un examen dental tambi\u00e9n puede incluir radiograf\u00edas dentales digitales u otros procedimientos de diagn\u00f3stico.<\/p>\n\n\n<div class=\"wp-block-image\">\n<figure class=\"aligncenter size-large is-resized has-lightbox\"><img loading=\"lazy\" decoding=\"async\" src=\"https:\/\/www.hillsidedentalelpaso.com\/wp-content\/uploads\/2020\/10\/HillsideDental-dental-exam-x-rays.jpg\" alt=\"Dental exam, X-rays, and teeth cleaning in El Paso, TX.\" class=\"wp-image-812\" width=\"375\" height=\"285\" srcset=\"https:\/\/www.hillsidedentalelpaso.com\/wp-content\/uploads\/2020\/10\/HillsideDental-dental-exam-x-rays.jpg 750w, https:\/\/www.hillsidedentalelpaso.com\/wp-content\/uploads\/2020\/10\/HillsideDental-dental-exam-x-rays-300x228.jpg 300w\" sizes=\"auto, (max-width: 375px) 100vw, 375px\" \/><figcaption class=\"wp-element-caption\">Un examen dental tambi\u00e9n puede incluir radiograf\u00edas dentales digitales u otros procedimientos de diagn\u00f3stico.<\/figcaption><\/figure>\n<\/div>\n\n\n<h2 class=\"wp-block-heading\">\u00bfCu\u00e1nto tiempo dura un examen?<\/h2>\n\n\n\n<p>El examen dental promedio realizado por nuestro dentista toma alrededor de 45 minutos. Puede tomar m\u00e1s tiempo que eso dependiendo de la condici\u00f3n general de salud oral del paciente. Si el paciente tiene muchos problemas de salud dental, entonces tendr\u00e1 que tomar m\u00e1s tiempo para abordar los problemas orales.<\/p>\n\n\n\n<h2 class=\"wp-block-heading\">Examen oral inicial<\/h2>\n\n\n\n<p>El dentista revisar\u00e1 su cara, cuello y boca para detectar cualquier anomal\u00eda, y tomar\u00e1 radiograf\u00edas para examinar \u00e1reas dentro de su boca y dientes que no son visibles a simple vista. A continuaci\u00f3n, su dentista o higienista dental limpiar\u00e1 sus dientes a fondo por usted.<\/p>\n\n\n\n<h2 class=\"wp-block-heading\">Eliminaci\u00f3n de placa y sarro<\/h2>\n\n\n\n<p>La limpieza dental profunda tiene dos partes. El raspado es cuando su dentista o higienista elimina toda la placa y el sarro (placa endurecida) por encima y por debajo de la l\u00ednea de las enc\u00edas, asegur\u00e1ndose de limpiar la ra\u00edz del diente. El alisado radicular es alisar las ra\u00edces de los dientes para ayudar a que las enc\u00edas se vuelvan a unir a los dientes. La limpieza profunda de los dientes con raspado y alisado radicular puede tomar m\u00e1s de una visita para completarse dependiendo de la salud oral del paciente.<\/p>\n\n\n\n<h2 class=\"wp-block-heading\">Pulir y usar hilo dental<\/h2>\n\n\n\n<p>Una parte est\u00e1ndar de su cita de limpieza dental de rutina es el pulido dental, que deja el esmalte dental brillante y suave. Sus dientes son inspeccionados para detectar caries y puntos d\u00e9biles en el esmalte. La placa y el sarro se raspan de la superficie de los dientes en un proceso llamado raspado. Luego, sus dientes se pulen y pulen para eliminar las manchas antes de usar hilo dental y cubrirlos con una capa protectora de fluoruro.<\/p>\n\n\n\n<h2 class=\"wp-block-heading\">Tratamiento de enjuague y fluoruro<\/h2>\n\n\n\n<p>El fluoruro se aplicar\u00e1 directamente al esmalte de los dientes en forma de un tratamiento con fl\u00faor despu\u00e9s de un enjuague completo para lavar cualquier residuo sobrante. Estos tratamientos t\u00f3picos aplicados profesionalmente toman solo unos minutos y se pueden hacer durante su chequeo dental regular.<\/p>\n\n\n\n<h2 class=\"wp-block-heading\">\u00a1Programe un examen dental y limpieza dental hoy!<\/h2>\n\n\n\n<p>Programe un examen dental y limpieza dental en nuestro consultorio dental del noreste de El Paso, TX hoy. Ll\u00e1menos al 915-500-3643 o visite nuestra p\u00e1gina Cont\u00e1ctenos.<\/p>\n\n\n\n<h2 class=\"wp-block-heading\">Learn More About Teeth Cleaning<\/h2>\n\n\n\n<h4 class=\"wp-block-heading\"><a href=\"https:\/\/www.hillsidedentalelpaso.com\/dentist-located-next-to-fort-bliss\/\">Dentist Located Next to Fort Bliss<\/a><\/h4>\n\n\n\n<h4 class=\"wp-block-heading\"><a href=\"https:\/\/www.hillsidedentalelpaso.com\/what-are-the-benefits-of-family-dentistry-in-el-paso\/\">What are the Benefits of Family Dentistry in El Paso?<\/a><\/h4>\n\n\n\n<p><\/p>\n","protected":false},"excerpt":{"rendered":"<p>Examen dental, limpieza dental y limpieza profunda \u00a1Llame hoy! 915-500-3643 Limpiezas dentales de rutinaLas limpiezas dentales son la forma m\u00e1s&hellip;<\/p>\n","protected":false},"author":1,"featured_media":528,"parent":0,"menu_order":0,"comment_status":"closed","ping_status":"closed","template":"","meta":{"_coblocks_attr":"","_coblocks_dimensions":"","_coblocks_responsive_height":"","_coblocks_accordion_ie_support":"","_kad_blocks_custom_css":"","_kad_blocks_head_custom_js":"","_kad_blocks_body_custom_js":"","_kad_blocks_footer_custom_js":"","footnotes":""},"class_list":["post-420","page","type-page","status-publish","has-post-thumbnail","hentry"],"translation":{"provider":"WPGlobus","version":"3.0.2","language":"es","enabled_languages":["en","es"],"languages":{"en":{"title":true,"content":true,"excerpt":false},"es":{"title":true,"content":true,"excerpt":false}}},"aioseo_notices":[],"taxonomy_info":[],"featured_image_src_large":["https:\/\/www.hillsidedentalelpaso.com\/wp-content\/uploads\/2019\/11\/teeth-cleaning-el-paso.jpg",688,206,false],"author_info":{"display_name":"admin","author_link":"https:\/\/www.hillsidedentalelpaso.com\/es\/author\/admin\/"},"comment_info":0,"_links":{"self":[{"href":"https:\/\/www.hillsidedentalelpaso.com\/es\/wp-json\/wp\/v2\/pages\/420","targetHints":{"allow":["GET"]}}],"collection":[{"href":"https:\/\/www.hillsidedentalelpaso.com\/es\/wp-json\/wp\/v2\/pages"}],"about":[{"href":"https:\/\/www.hillsidedentalelpaso.com\/es\/wp-json\/wp\/v2\/types\/page"}],"author":[{"embeddable":true,"href":"https:\/\/www.hillsidedentalelpaso.com\/es\/wp-json\/wp\/v2\/users\/1"}],"replies":[{"embeddable":true,"href":"https:\/\/www.hillsidedentalelpaso.com\/es\/wp-json\/wp\/v2\/comments?post=420"}],"version-history":[{"count":30,"href":"https:\/\/www.hillsidedentalelpaso.com\/es\/wp-json\/wp\/v2\/pages\/420\/revisions"}],"predecessor-version":[{"id":1606,"href":"https:\/\/www.hillsidedentalelpaso.com\/es\/wp-json\/wp\/v2\/pages\/420\/revisions\/1606"}],"wp:featuredmedia":[{"embeddable":true,"href":"https:\/\/www.hillsidedentalelpaso.com\/es\/wp-json\/wp\/v2\/media\/528"}],"wp:attachment":[{"href":"https:\/\/www.hillsidedentalelpaso.com\/es\/wp-json\/wp\/v2\/media?parent=420"}],"curies":[{"name":"wp","href":"https:\/\/api.w.org\/{rel}","templated":true}]}}