{"id":418,"date":"2019-11-07T15:22:27","date_gmt":"2019-11-07T22:22:27","guid":{"rendered":"https:\/\/www.hillsidedentalelpaso.com\/?page_id=418"},"modified":"2026-04-28T12:00:29","modified_gmt":"2026-04-28T18:00:29","slug":"cosmetic-dentistry-el-paso","status":"publish","type":"page","link":"https:\/\/www.hillsidedentalelpaso.com\/es\/cosmetic-dentistry-el-paso.html","title":{"rendered":"Odontolog\u00eda Cosm\u00e9tica El Paso"},"content":{"rendered":"\n<h2 class=\"wp-block-heading\">\u00bfQu\u00e9 es la odontolog\u00eda cosm\u00e9tica?<\/h2>\n\n\n\n<h3 class=\"wp-block-heading\">\u00a1Llame hoy!  <strong><a href=\"tel:+19155003643\">915-500-3643<\/a><\/strong>  <\/h3>\n\n\n\n<div class=\"wp-block-coblocks-row coblocks-row-1012124510659\" data-columns=\"2\" data-layout=\"66-33\"><div class=\"wp-block-coblocks-row__inner has-no-padding has-no-margin is-stacked-on-mobile has-medium-gutter\">\n<div class=\"wp-block-coblocks-column coblocks-column-1012124513161\" style=\"width:66%\"><div class=\"wp-block-coblocks-column__inner has-no-padding has-no-margin\">\n<p>Tu sonrisa dice mucho sobre qui\u00e9n eres y debe dar a los dem\u00e1s una primera impresi\u00f3n positiva. Con los continuos avances en odontolog\u00eda y una nueva variedad de opciones de tratamiento dental de vanguardia, lograr la hermosa sonrisa que siempre ha deseado se ha vuelto m\u00e1s f\u00e1cil que nunca. Hillside Dental ofrece odontolog\u00eda cosm\u00e9tica para todas las edades y miembros de la familia.<\/p>\n<\/div><\/div>\n\n\n\n<div class=\"wp-block-coblocks-column coblocks-column-1012124513168\" style=\"width:33%\"><div class=\"wp-block-coblocks-column__inner has-no-padding has-no-margin\"><div class=\"wp-block-image\">\n<figure class=\"aligncenter\"><img loading=\"lazy\" decoding=\"async\" width=\"600\" height=\"383\" src=\"https:\/\/www.hillsidedentalelpaso.com\/wp-content\/uploads\/2019\/11\/dentist-el-paso-cometic-dentistry.jpg\" alt=\"Cosmetic Dentist\" class=\"wp-image-524\" srcset=\"https:\/\/www.hillsidedentalelpaso.com\/wp-content\/uploads\/2019\/11\/dentist-el-paso-cometic-dentistry.jpg 600w, https:\/\/www.hillsidedentalelpaso.com\/wp-content\/uploads\/2019\/11\/dentist-el-paso-cometic-dentistry-300x192.jpg 300w\" sizes=\"auto, (max-width: 600px) 100vw, 600px\" \/><figcaption class=\"wp-element-caption\">La odontolog\u00eda cosm\u00e9tica se ocupa principalmente de la apariencia est\u00e9tica de sus dientes, enc\u00edas y sonrisa en general.<\/figcaption><\/figure>\n<\/div><\/div><\/div>\n<\/div><\/div>\n\n\n\n<h2 class=\"wp-block-heading\">Servicios de odontolog\u00eda cosm\u00e9tica<\/h2>\n\n\n\n<p>La odontolog\u00eda cosm\u00e9tica se ocupa principalmente de la apariencia est\u00e9tica de sus dientes, enc\u00edas y sonrisa en general. En el mundo de hoy, su apariencia puede marcar la diferencia para causar buenas impresiones y tener \u00e9xito. Ser capaz de sonre\u00edr alegre y libremente es solo otra forma de salir adelante en la vida.<\/p>\n\n\n\n<p>La odontolog\u00eda cosm\u00e9tica no solo le permite lograr la apariencia que desea, sino que tambi\u00e9n le brinda la tranquilidad de saber que est\u00e1 dando lo mejor de s\u00ed. A continuaci\u00f3n se presentan los tratamientos de odontolog\u00eda cosm\u00e9tica que ofrecemos a todos nuestros pacientes aqu\u00ed en nuestro consultorio dental de El Paso, TX.<\/p>\n\n\n\n<p><strong>Invisalign<\/strong><br>Invisalign ofrece una alternativa clara a los aparatos ortop\u00e9dicos met\u00e1licos tradicionales y antiest\u00e9ticos que pueden ser inc\u00f3modos e inconvenientes. Invisalign utiliza una serie de bandejas termoformadas hechas de material compuesto flexible pero firme. Usted cambia la bandeja por una nueva cada 2 semanas durante un per\u00edodo de tiempo que se discutir\u00e1 con nuestro m\u00e9dico. Invisalign le permite quitar las bandejas para comer, cepillarse y usar hilo dental para que no tenga que preocuparse por tener que evitar ciertos tipos de alimentos como con aparatos ortop\u00e9dicos.<\/p>\n\n\n\n<p><strong>Blanqueamiento dental<\/strong><br>Hillside ofrece Zoom! Blanqueamiento dental en el consultorio que es r\u00e1pido, seguro y aclarar\u00e1 sus dientes hasta 9 tonos m\u00e1s claro. El tratamiento de blanqueamiento dental tarda aproximadamente una hora en completarse.<\/p>\n\n\n\n<p><strong>Chapas<\/strong><br>Las carillas son una capa delgada de porcelana que est\u00e1 firmemente cementada a la parte frontal del diente y puede corregir la decoloraci\u00f3n de los dientes, los espacios y las astillas en el diente. La carilla ser\u00e1 del mismo color que tus otros dientes para un aspecto natural con grandes resultados est\u00e9ticos.<\/p>\n\n\n\n<p><strong>Coronas dentales<\/strong><br>Un diente con un tratamiento de conducto, grietas o roturas a veces necesitar\u00e1 un tratamiento de corona dental. El diente tendr\u00e1 la forma de excluir cualquier caries o roturas para que se pueda colocar una corona encima del diente restante. Las coronas dan el aspecto y la sensaci\u00f3n de los dientes naturales.<\/p>\n\n\n\n<p><strong>Implantes dentales<\/strong><br>Cuando un diente ha sido extra\u00eddo o noqueado, el mejor reemplazo para el diente faltante es un implante dental. Los implantes dentales est\u00e1n hechos de titanio biocompatible que se adhiere al hueso de la mand\u00edbula y tiene una tasa de \u00e9xito del 97%. Los implantes proporcionan una base firme con la que colocar una corona para reemplazar su diente por encima de la l\u00ednea de las enc\u00edas con un diente artificial de aspecto natural y sensaci\u00f3n.<\/p>\n\n\n\n<p><strong>Dentadura postiza<\/strong><br>Las dentaduras postizas de implante son para aquellos con m\u00faltiples dientes perdidos. \u00a1Las dentaduras postizas le proporcionan dientes de aspecto natural y sensaci\u00f3n, que le dar\u00e1n la confianza para sonre\u00edr de nuevo!<\/p>\n\n\n\n<h2 class=\"wp-block-heading\">\u00bfListo para un cambio de imagen de sonrisa?<\/h2>\n\n\n\n<p>Al considerar si la odontolog\u00eda cosm\u00e9tica es adecuada para usted, hay algunas preguntas que puede hacerse.<\/p>\n\n\n\n<ul class=\"wp-block-list\">\n<li>Do you want to feel confident enough to smile in public?<\/li>\n\n\n\n<li>Would you like to laugh without feeling self-conscious?<\/li>\n\n\n\n<li>Are you ready to fix your dental imperfections?<\/li>\n<\/ul>\n\n\n\n<p>Si respondiste afirmativamente a cualquiera de estas preguntas, entonces eres un buen candidato para un cambio de imagen de sonrisa.<\/p>\n\n\n\n<h2 class=\"wp-block-heading\">Preg\u00fantenos sobre odontolog\u00eda cosm\u00e9tica<\/h2>\n\n\n\n<p>Hillside Dental puede responder cualquier pregunta que tenga sobre los tratamientos de odontolog\u00eda cosm\u00e9tica y cualquier otro servicio dental que brindemos en nuestro consultorio dental del noreste de El Paso. Estamos convenientemente ubicados en Dyer St. cerca de Fort Bliss. Nuestro amable personal est\u00e1 esperando pacientemente su llamada. Cont\u00e1ctenos hoy llenando el formulario en esta p\u00e1gina o llam\u00e1ndonos al 915-500-3643. Tenemos las respuestas dentales que busca, \u00a1y no podemos esperar a verlo sonre\u00edr!<\/p>\n\n\n\n<h2 class=\"wp-block-heading\">\u00a1Programe una consulta de odontolog\u00eda cosm\u00e9tica hoy!<\/h2>\n\n\n\n\n\n<h2 class=\"wp-block-heading\">Odontolog\u00eda Cosm\u00e9tica El Paso, TX<\/h2>\n\n\n\n<p>Hillside Dental ofrece odontolog\u00eda cosm\u00e9tica en toda el \u00e1rea de El Paso, TX. Utilizamos lo \u00faltimo en tecnolog\u00eda dental y tratamientos para proporcionar a nuestros pacientes la sonrisa que desean. Estamos comprometidos a que nuestros pacientes se sientan c\u00f3modos mientras reciben atenci\u00f3n dental de alta calidad.<\/p>\n\n\n<div class=\"wp-block-image\">\n<figure class=\"aligncenter is-resized\"><img loading=\"lazy\" decoding=\"async\" src=\"https:\/\/www.hillsidedentalelpaso.com\/wp-content\/uploads\/2020\/02\/cosmetic-dentistry-el-paso-tx-1024x320.jpg\" alt=\"Cosmetic Dentistry - El Paso, TX\" width=\"512\" height=\"160\"\/><figcaption class=\"wp-element-caption\">Una sonrisa confiada puede dejar buenas primeras impresiones en los dem\u00e1s y darle la ventaja competitiva que necesita para tener \u00e9xito en la vida.<\/figcaption><\/figure>\n<\/div>\n\n\n<h2 class=\"wp-block-heading\">Odontolog\u00eda cosm\u00e9tica para mejorar tu sonrisa<\/h2>\n\n\n\n<p>Una sonrisa confiada puede dejar buenas primeras impresiones en los dem\u00e1s y darle la ventaja competitiva que necesita para tener \u00e9xito en la vida. Ya sea que se trate de decoloraci\u00f3n de sus dientes, dientes astillados o rotos, o dientes faltantes, Hillside Dental puede ayudarlo a obtener la sonrisa que siempre ha deseado. Nuestro experimentado equipo de profesionales dentales le brindar\u00e1 atenci\u00f3n dental de la mejor calidad en un ambiente seguro y c\u00f3modo.<\/p>\n\n\n\n<p>En Hillside Dental ofrecemos profesionales dentales expertos que est\u00e1n bien informados y son pacientes. Su comprensi\u00f3n del tratamiento y su completa comodidad con el procedimiento es nuestro principal objetivo.<\/p>\n\n\n\n<h2 class=\"wp-block-heading\">\u00a1Programe una consulta de cambio de imagen de sonrisa!<\/h2>\n\n\n\n<p>Ll\u00e1menos hoy a la ubicaci\u00f3n del noreste de El Paso al 915-500-3643, o programe su consulta a trav\u00e9s de nuestra p\u00e1gina Cont\u00e1ctenos. Nuestro personal estar\u00e1 m\u00e1s que dispuesto a responder a cualquiera de sus preguntas y est\u00e1 esperando por tel\u00e9fono su llamada. \u00a1Estamos ansiosos por ver tu nueva sonrisa!<\/p>\n","protected":false},"excerpt":{"rendered":"<p>\u00bfQu\u00e9 es la odontolog\u00eda cosm\u00e9tica? \u00a1Llame hoy! 915-500-3643 Servicios de odontolog\u00eda cosm\u00e9tica La odontolog\u00eda cosm\u00e9tica se ocupa principalmente de la&hellip;<\/p>\n","protected":false},"author":1,"featured_media":527,"parent":0,"menu_order":0,"comment_status":"closed","ping_status":"closed","template":"","meta":{"_coblocks_attr":"","_coblocks_dimensions":"","_coblocks_responsive_height":"","_coblocks_accordion_ie_support":"","_kad_blocks_custom_css":"","_kad_blocks_head_custom_js":"","_kad_blocks_body_custom_js":"","_kad_blocks_footer_custom_js":"","footnotes":""},"class_list":["post-418","page","type-page","status-publish","has-post-thumbnail","hentry"],"translation":{"provider":"WPGlobus","version":"3.0.2","language":"es","enabled_languages":["en","es"],"languages":{"en":{"title":true,"content":true,"excerpt":false},"es":{"title":true,"content":true,"excerpt":false}}},"aioseo_notices":[],"taxonomy_info":[],"featured_image_src_large":["https:\/\/www.hillsidedentalelpaso.com\/wp-content\/uploads\/2019\/11\/cosmetic-dentist-el-paso-1.jpg",688,206,false],"author_info":{"display_name":"admin","author_link":"https:\/\/www.hillsidedentalelpaso.com\/es\/author\/admin\/"},"comment_info":0,"_links":{"self":[{"href":"https:\/\/www.hillsidedentalelpaso.com\/es\/wp-json\/wp\/v2\/pages\/418","targetHints":{"allow":["GET"]}}],"collection":[{"href":"https:\/\/www.hillsidedentalelpaso.com\/es\/wp-json\/wp\/v2\/pages"}],"about":[{"href":"https:\/\/www.hillsidedentalelpaso.com\/es\/wp-json\/wp\/v2\/types\/page"}],"author":[{"embeddable":true,"href":"https:\/\/www.hillsidedentalelpaso.com\/es\/wp-json\/wp\/v2\/users\/1"}],"replies":[{"embeddable":true,"href":"https:\/\/www.hillsidedentalelpaso.com\/es\/wp-json\/wp\/v2\/comments?post=418"}],"version-history":[{"count":20,"href":"https:\/\/www.hillsidedentalelpaso.com\/es\/wp-json\/wp\/v2\/pages\/418\/revisions"}],"predecessor-version":[{"id":1608,"href":"https:\/\/www.hillsidedentalelpaso.com\/es\/wp-json\/wp\/v2\/pages\/418\/revisions\/1608"}],"wp:featuredmedia":[{"embeddable":true,"href":"https:\/\/www.hillsidedentalelpaso.com\/es\/wp-json\/wp\/v2\/media\/527"}],"wp:attachment":[{"href":"https:\/\/www.hillsidedentalelpaso.com\/es\/wp-json\/wp\/v2\/media?parent=418"}],"curies":[{"name":"wp","href":"https:\/\/api.w.org\/{rel}","templated":true}]}}