{"id":158,"date":"2019-11-06T15:16:16","date_gmt":"2019-11-06T22:16:16","guid":{"rendered":"https:\/\/www.hillsidedentalelpaso.com\/?page_id=158"},"modified":"2024-02-29T18:05:44","modified_gmt":"2024-03-01T01:05:44","slug":"services","status":"publish","type":"page","link":"https:\/\/www.hillsidedentalelpaso.com\/es\/services.html","title":{"rendered":"Servicios Dentales"},"content":{"rendered":"\n<p class=\"has-text-align-center\">A continuaci\u00f3n se encuentran los servicios dentales que nuestro dentista y personal dental brindan en el \u00e1rea metropolitana de El Paso, TX. No dude en llamarnos sobre cualquier pregunta que tenga o para programar un examen dental y una consulta.<\/p>\n\n\n\n<h2 class=\"has-text-align-center wp-block-heading\">\u00a1Llama hoy!\u00a0<strong><a href=\"tel:19152284264\">915-500-3643<\/a><\/strong><\/h2>\n\n\n\n<div class=\"wp-block-buttons is-horizontal is-content-justification-center is-layout-flex wp-container-core-buttons-is-layout-499968f5 wp-block-buttons-is-layout-flex\">\n<div class=\"wp-block-button\"><a class=\"wp-block-button__link wp-element-button\" href=\"https:\/\/www.hillsidedentalelpaso.com\/contact.html\">\u00a1Programe una cita hoy!<\/a><\/div>\n<\/div>\n\n\n\n<div style=\"height:20px\" aria-hidden=\"true\" class=\"wp-block-spacer\"><\/div>\n\n\n\n<div class=\"wp-block-coblocks-row coblocks-row-107141842349\" data-columns=\"3\" data-layout=\"33-33-33\"><div class=\"wp-block-coblocks-row__inner has-no-padding has-no-margin is-stacked-on-mobile has-medium-gutter\">\n<div class=\"wp-block-coblocks-column coblocks-column-107141845178\" style=\"width:33.33%\"><div class=\"wp-block-coblocks-column__inner has-no-padding has-no-margin\">\n<h4 class=\"has-text-align-center wp-block-heading\">Cambio de imagen cosm\u00e9tico de la sonrisa<\/h4>\n\n\n<div class=\"wp-block-image\">\n<figure class=\"aligncenter\"><img loading=\"lazy\" decoding=\"async\" width=\"365\" height=\"223\" src=\"https:\/\/www.hillsidedentalelpaso.com\/wp-content\/uploads\/2019\/11\/cosmetic-dentistry.jpg\" alt=\"Cosmetic Dentist in El Paso, TX\" class=\"wp-image-390\" srcset=\"https:\/\/www.hillsidedentalelpaso.com\/wp-content\/uploads\/2019\/11\/cosmetic-dentistry.jpg 365w, https:\/\/www.hillsidedentalelpaso.com\/wp-content\/uploads\/2019\/11\/cosmetic-dentistry-300x183.jpg 300w\" sizes=\"auto, (max-width: 365px) 100vw, 365px\" \/><\/figure>\n<\/div>\n\n\n<p>Hay muchas razones por las que las personas pueden no sonre\u00edr con confianza. \u00a1Puede deberse a dientes descoloridos, dientes astillados, dientes torcidos, dientes perdidos o una combinaci\u00f3n de todos ellos!<br>Cualquiera que sea la raz\u00f3n, podemos ayudarlo a obtener una sonrisa de la que pueda estar orgulloso, y puede incluir una o m\u00e1s de las siguientes t\u00e9cnicas:<\/p>\n\n\n\n<ul class=\"wp-block-list\">\n<li>Whitening<\/li>\n\n\n\n<li>Fillings<\/li>\n\n\n\n<li>Crowns<\/li>\n\n\n\n<li>Bridges<\/li>\n\n\n\n<li><a href=\"https:\/\/www.hillsidedentalelpaso.com\/affordable-dental-implants.html\">Implants<\/a><\/li>\n\n\n\n<li><a href=\"https:\/\/www.hillsidedentalelpaso.com\/invisalign.html\">Invisalign<\/a><\/li>\n<\/ul>\n\n\n\n<p>Estamos aqu\u00ed en el noreste de El Paso para ayudarlo, por lo que cuando venga a una consulta, podr\u00e1 tener una discusi\u00f3n con el dentista sobre sus inquietudes, lo que no le gusta de su sonrisa y lo que QUIERE de su sonrisa. Luego, el dentista le har\u00e1 un examen de la boca para evaluar lo que se debe hacer y lo que se puede hacer para obtener los mejores resultados.<\/p>\n\n\n\n<hr class=\"wp-block-separator has-css-opacity\"\/>\n\n\n\n<div class=\"wp-block-button aligncenter\"><a class=\"wp-block-button__link wp-element-button\" href=\"https:\/\/www.hillsidedentalelpaso.com\/cosmetic-dentistry-el-paso.html\">Cosmetic Dentistry<\/a><\/div>\n<\/div><\/div>\n\n\n\n<div class=\"wp-block-coblocks-column coblocks-column-107141845182\" style=\"width:33.33%\"><div class=\"wp-block-coblocks-column__inner has-no-padding has-no-margin\">\n<h4 class=\"has-text-align-center wp-block-heading\">Tratamiento del conducto radicular<\/h4>\n\n\n<div class=\"wp-block-image\">\n<figure class=\"aligncenter\"><img loading=\"lazy\" decoding=\"async\" width=\"404\" height=\"222\" src=\"https:\/\/www.hillsidedentalelpaso.com\/wp-content\/uploads\/2019\/11\/endodontic-treatment-root-canal.png\" alt=\"Root Canal in El Paso, TX\" class=\"wp-image-391\" srcset=\"https:\/\/www.hillsidedentalelpaso.com\/wp-content\/uploads\/2019\/11\/endodontic-treatment-root-canal.png 404w, https:\/\/www.hillsidedentalelpaso.com\/wp-content\/uploads\/2019\/11\/endodontic-treatment-root-canal-300x165.png 300w\" sizes=\"auto, (max-width: 404px) 100vw, 404px\" \/><\/figure>\n<\/div>\n\n\n<p>\u00a1No el temido tratamiento de conducto! El tratamiento del conducto radicular a menudo tiene una mala reputaci\u00f3n, pero en realidad, el tratamiento del conducto radicular ha salvado a muchos dientes de ser extra\u00eddos o perdidos. Han conseguido una mala reputaci\u00f3n por ser un procedimiento doloroso, pero la verdad es que es debido al da\u00f1o extenso que el diente tiene tanto dolor y tarda m\u00e1s en sanar.\u200b<br>A menudo nos referimos al tratamiento de conducto radicular como su &#8220;\u00faltima oportunidad&#8221; para salvar su diente. El tratamiento de conducto radicular generalmente se prescribe cuando la caries, infecci\u00f3n o fractura se ha metido tan profundamente en el diente que ha alcanzado el nervio del diente. Si su dentista le receta un tratamiento de conducto radicular y decide no realizar ese tratamiento, es probable que en poco tiempo, no tenga m\u00e1s remedio que extraer ese diente. Y a menudo, las opciones para reemplazar los dientes perdidos son m\u00e1s caras o no proporcionan tanta funci\u00f3n (capacidad de masticaci\u00f3n) como sus dientes naturales.<\/p>\n\n\n\n<hr class=\"wp-block-separator has-css-opacity\"\/>\n\n\n\n<div class=\"wp-block-buttons is-horizontal is-content-justification-center is-layout-flex wp-container-core-buttons-is-layout-499968f5 wp-block-buttons-is-layout-flex\">\n<div class=\"wp-block-button\"><a class=\"wp-block-button__link wp-element-button\" href=\"https:\/\/www.hillsidedentalelpaso.com\/need-a-root-canal-or-dental-filling-in-el-paso-tx\/\">Root Canal Therapy<\/a><\/div>\n<\/div>\n<\/div><\/div>\n\n\n\n<div class=\"wp-block-coblocks-column coblocks-column-107141845186\" style=\"width:33.33%\"><div class=\"wp-block-coblocks-column__inner has-no-padding has-no-margin\">\n<h4 class=\"has-text-align-center wp-block-heading\">Limpieza y prevenci\u00f3n dental<\/h4>\n\n\n<div class=\"wp-block-image\">\n<figure class=\"aligncenter\"><img decoding=\"async\" src=\"https:\/\/www.hillsidedentalelpaso.com\/wp-content\/uploads\/2019\/11\/dental-oral-health-what-happens-during-a-tooth-cleaning.jpg\" alt=\"Teeth Cleaning &amp; Prevention in El Paso, TX\" class=\"wp-image-392\"\/><\/figure>\n<\/div>\n\n\n<p>Como la mayor\u00eda de nosotros, probablemente le guste anticipar lo que podr\u00eda suceder y luego tomar decisiones que resulten en resultados positivos. Eso es lo que nos esforzamos por hacer con la odontolog\u00eda preventiva aqu\u00ed en Hillside Dental. Para prevenir la caries dental y la infecci\u00f3n de las enc\u00edas, puede comer saludablemente, mantener sus dientes limpios y obtener chequeos regulares de nuestro dentista de confianza.<\/p>\n\n\n\n<p>Estos son algunos servicios preventivos que ofrecemos:<\/p>\n\n\n\n<ul class=\"wp-block-list\">\n<li>Preventive Gum Cleanings<\/li>\n\n\n\n<li>Non-surgical Gum Infection Treatment<\/li>\n\n\n\n<li>Exams<\/li>\n\n\n\n<li>Flossing<\/li>\n\n\n\n<li>Mouth Rinses<\/li>\n\n\n\n<li>Brushing Instructions<\/li>\n\n\n\n<li>Sealants<\/li>\n\n\n\n<li>Flouride<\/li>\n\n\n\n<li>Space Maintainers<\/li>\n<\/ul>\n\n\n\n<p>Estamos listos para ayudarle. Cont\u00e1ctenos hoy en el noreste de El Paso para programar una cita.<\/p>\n\n\n\n<hr class=\"wp-block-separator has-css-opacity\"\/>\n\n\n\n<div class=\"wp-block-button aligncenter\"><a class=\"wp-block-button__link wp-element-button\" href=\"https:\/\/www.hillsidedentalelpaso.com\/dental-cleanings-el-paso.html\">Teeth Cleaning<\/a><\/div>\n<\/div><\/div>\n<\/div><\/div>\n\n\n\n<div style=\"height:46px\" aria-hidden=\"true\" class=\"wp-block-spacer\"><\/div>\n\n\n\n<div class=\"wp-block-coblocks-row coblocks-row-10714582146\" data-columns=\"3\" data-layout=\"33-33-33\"><div class=\"wp-block-coblocks-row__inner has-no-padding has-no-margin is-stacked-on-mobile has-medium-gutter\">\n<div class=\"wp-block-coblocks-column coblocks-column-10714584497\" style=\"width:33.33%\"><div class=\"wp-block-coblocks-column__inner has-no-padding has-no-margin\">\n<h4 class=\"has-text-align-center wp-block-heading\">Blanqueamiento dental<\/h4>\n\n\n\n<figure class=\"wp-block-image\"><img loading=\"lazy\" decoding=\"async\" width=\"283\" height=\"177\" src=\"https:\/\/www.hillsidedentalelpaso.com\/wp-content\/uploads\/2019\/11\/teeth-whitening-el-paso-tx.jpg\" alt=\"Teeth Whitening El Paso, TX\" class=\"wp-image-404\"\/><\/figure>\n\n\n\n<p>El blanqueamiento dental es una t\u00e9cnica que le permite tener una sonrisa m\u00e1s brillante y blanca de manera f\u00e1cil y segura. Ofrecemos dos tipos de blanqueamiento: nuestro procedimiento en el consultorio y nuestro kit de blanqueamiento para llevar a casa.<\/p>\n\n\n\n<p><strong>\u00bfC\u00f3mo funciona?\u200b<\/strong><br>Con nuestro procedimiento en la oficina, ver\u00e1 resultados de inmediato. Por lo general, toma alrededor de dos horas. Utilizamos un gel blanqueador y una luz l\u00e1ser. Usted es monitoreado durante el procedimiento por uno de los miembros de nuestro equipo, quien aplicar\u00e1 el gel, aislando sus enc\u00edas y labios. La combinaci\u00f3n de luz y gel blanquea los dientes inmediatamente.<\/p>\n\n\n\n<hr class=\"wp-block-separator has-css-opacity\"\/>\n\n\n\n<div class=\"wp-block-button aligncenter\"><a class=\"wp-block-button__link wp-element-button\" href=\"https:\/\/www.hillsidedentalelpaso.com\/teeth-whitening-el-paso.html\">Teeth Whitening<\/a><\/div>\n<\/div><\/div>\n\n\n\n<div class=\"wp-block-coblocks-column coblocks-column-10714584501\" style=\"width:33.33%\"><div class=\"wp-block-coblocks-column__inner has-no-padding has-no-margin\">\n<h4 class=\"has-text-align-center wp-block-heading\">Extracciones dentales<\/h4>\n\n\n\n<figure class=\"wp-block-image\"><img loading=\"lazy\" decoding=\"async\" width=\"295\" height=\"217\" src=\"https:\/\/www.hillsidedentalelpaso.com\/wp-content\/uploads\/2019\/11\/tooth-extractions-el-paso-dentist.jpg\" alt=\"Tooth Extraction in El Paso, TX\" class=\"wp-image-405\"\/><\/figure>\n\n\n\n<p>Siempre recomendamos salvar sus dientes naturales a trav\u00e9s de empastes, endodoncias y coronas, pero si estos tratamientos ya no son una opci\u00f3n, es hora de extraerlos. Las extracciones son necesarias cuando la caries o las fracturas son tan extensas que otros tipos de procedimientos ya no podr\u00e1n salvar el diente. Una vez que se extrae un diente, es mejor encontrar una manera de reemplazar ese diente, ya sea con implantes dentales, puentes o dentaduras parciales.<\/p>\n\n\n\n<p><strong>Extracciones de muelas del juicio<\/strong><br>Las muelas del juicio son terceros molares que aparecen entre las edades de 16 y 25 a\u00f1os, hasta la parte posterior de la boca.<\/p>\n\n\n\n<hr class=\"wp-block-separator has-css-opacity\"\/>\n\n\n\n<div class=\"wp-block-button aligncenter\"><a class=\"wp-block-button__link wp-element-button\" href=\"https:\/\/www.hillsidedentalelpaso.com\/tooth-extractions-wisdom-teeth.html\">Tooth Extraction<\/a><\/div>\n<\/div><\/div>\n\n\n\n<div class=\"wp-block-coblocks-column coblocks-column-10714584505\" style=\"width:33.33%\"><div class=\"wp-block-coblocks-column__inner has-no-padding has-no-margin\">\n<h4 class=\"has-text-align-center wp-block-heading\">Odontopediatr\u00eda<\/h4>\n\n\n\n<figure class=\"wp-block-image\"><img loading=\"lazy\" decoding=\"async\" width=\"431\" height=\"223\" src=\"https:\/\/www.hillsidedentalelpaso.com\/wp-content\/uploads\/2019\/11\/pediatric-hillside-dentist-el-paso_orig.jpg\" alt=\"Pediatric Dentist in El Paso, TX\" class=\"wp-image-406\" srcset=\"https:\/\/www.hillsidedentalelpaso.com\/wp-content\/uploads\/2019\/11\/pediatric-hillside-dentist-el-paso_orig.jpg 431w, https:\/\/www.hillsidedentalelpaso.com\/wp-content\/uploads\/2019\/11\/pediatric-hillside-dentist-el-paso_orig-300x155.jpg 300w\" sizes=\"auto, (max-width: 431px) 100vw, 431px\" \/><\/figure>\n\n\n\n<p>Nuestro equipo dental amigable y calificado se compromete a proporcionar una experiencia dental positiva para su hijo. Nuestro equipo de m\u00e9dicos est\u00e1 capacitado por expertos en el cuidado de todos los ni\u00f1os. Algunos de los servicios dentales pedi\u00e1tricos que ofrecemos aqu\u00ed en el noreste de El Paso incluyen:<\/p>\n\n\n\n<ul class=\"wp-block-list\">\n<li><a href=\"https:\/\/www.hillsidedentalelpaso.com\/dental-cleanings-el-paso.html\">Regular check-ups and cleanings<\/a><\/li>\n\n\n\n<li>Tooth-colored fillings<\/li>\n\n\n\n<li>Dental sealants and fluoride treatments<\/li>\n\n\n\n<li>Sedation dentistry for those children who require it<\/li>\n<\/ul>\n\n\n\n<hr class=\"wp-block-separator has-css-opacity\"\/>\n<\/div><\/div>\n<\/div><\/div>\n\n\n\n<div style=\"height:46px\" aria-hidden=\"true\" class=\"wp-block-spacer\"><\/div>\n\n\n\n<div class=\"wp-block-coblocks-row coblocks-row-1071549489\" data-columns=\"3\" data-layout=\"33-33-33\"><div class=\"wp-block-coblocks-row__inner has-no-padding has-no-margin is-stacked-on-mobile has-medium-gutter\">\n<div class=\"wp-block-coblocks-column coblocks-column-10715411713\" style=\"width:33.33%\"><div class=\"wp-block-coblocks-column__inner has-no-padding has-no-margin\">\n<h4 class=\"has-text-align-center wp-block-heading\">Invisalign<\/h4>\n\n\n\n<figure class=\"wp-block-image\"><img loading=\"lazy\" decoding=\"async\" width=\"369\" height=\"246\" src=\"https:\/\/www.hillsidedentalelpaso.com\/wp-content\/uploads\/2019\/11\/invisalign-el-paso-tx.jpg\" alt=\"Invisalign in El Paso, TX\" class=\"wp-image-408\" srcset=\"https:\/\/www.hillsidedentalelpaso.com\/wp-content\/uploads\/2019\/11\/invisalign-el-paso-tx.jpg 369w, https:\/\/www.hillsidedentalelpaso.com\/wp-content\/uploads\/2019\/11\/invisalign-el-paso-tx-300x200.jpg 300w\" sizes=\"auto, (max-width: 369px) 100vw, 369px\" \/><\/figure>\n\n\n\n<p><strong>\u00bfQu\u00e9 es Invisalign?<\/strong><br>Invisalign es una forma CLARA de enderezar los dientes: no se necesitan cables ni soportes.<\/p>\n\n\n\n<p>Los movimientos a sus dientes se realizan con una serie de alineadores transparentes. Usted usa los alineadores las 24 horas del d\u00eda y se los quita solo para comer, cepillarse y usar hilo dental.<\/p>\n\n\n\n<p>Ofrecemos consultas GRATUITAS de Invisalign, \u00a1as\u00ed que ll\u00e1menos hoy a nuestra ubicaci\u00f3n en el noreste de El Paso para programar una consulta!<\/p>\n\n\n\n<hr class=\"wp-block-separator has-css-opacity\"\/>\n\n\n\n<div class=\"wp-block-button aligncenter\"><a class=\"wp-block-button__link wp-element-button\" href=\"https:\/\/www.hillsidedentalelpaso.com\/invisalign.html\">Invisalign<\/a><\/div>\n<\/div><\/div>\n\n\n\n<div class=\"wp-block-coblocks-column coblocks-column-10715411717\" style=\"width:33.33%\"><div class=\"wp-block-coblocks-column__inner has-no-padding has-no-margin\">\n<h4 class=\"has-text-align-center wp-block-heading\">Odontolog\u00eda de Emergencia<\/h4>\n\n\n\n<figure class=\"wp-block-image\"><img loading=\"lazy\" decoding=\"async\" width=\"352\" height=\"255\" src=\"https:\/\/www.hillsidedentalelpaso.com\/wp-content\/uploads\/2019\/11\/emergency-care-el-paso-dentist_orig.jpg\" alt=\"Emergency Dentist El Paso, TX\" class=\"wp-image-409\" srcset=\"https:\/\/www.hillsidedentalelpaso.com\/wp-content\/uploads\/2019\/11\/emergency-care-el-paso-dentist_orig.jpg 352w, https:\/\/www.hillsidedentalelpaso.com\/wp-content\/uploads\/2019\/11\/emergency-care-el-paso-dentist_orig-300x217.jpg 300w\" sizes=\"auto, (max-width: 352px) 100vw, 352px\" \/><\/figure>\n\n\n\n<p>\u00bfTiene una emergencia dental y necesita un dentista en el noreste de El Paso? Ll\u00e1menos hoy al 915-500-3643.<\/p>\n\n\n\n<p>Puede haber muchas razones por las que un paciente puede necesitar un dentista de emergencia. Una emergencia dental puede ocurrir en cualquier momento, es por eso que nuestros m\u00e9dicos y personal de Hillside Dental tratar\u00e1n de satisfacer cualquier solicitud de cita de \u00faltimo minuto para que el paciente no tenga que luchar con m\u00e1s dolor dental. Si tiene un dolor de muelas o una emergencia dental importante, llame al 915-500-3643 hoy.<\/p>\n\n\n\n<hr class=\"wp-block-separator has-css-opacity\"\/>\n\n\n\n<div class=\"wp-block-button aligncenter\"><a class=\"wp-block-button__link wp-element-button\" href=\"https:\/\/www.hillsidedentalelpaso.com\/same-day-emergency-dental.html\">Dentista de emergencia<\/a><\/div>\n<\/div><\/div>\n\n\n\n<div class=\"wp-block-coblocks-column coblocks-column-10715411721\" style=\"width:33.33%\"><div class=\"wp-block-coblocks-column__inner has-no-padding has-no-margin\">\n<h4 class=\"has-text-align-center wp-block-heading\">Dentadura postiza<\/h4>\n\n\n\n<figure class=\"wp-block-image\"><img loading=\"lazy\" decoding=\"async\" width=\"279\" height=\"207\" src=\"https:\/\/www.hillsidedentalelpaso.com\/wp-content\/uploads\/2019\/11\/364565465_1.jpg\" alt=\"Dentures in El Paso, TX\" class=\"wp-image-410\"\/><\/figure>\n\n\n\n<p>Cuando se trata de restaurar su sonrisa despu\u00e9s de perder dientes, puede confiar en Hillside Dental Experts para la experiencia m\u00e1s gratificante posible. Ya sea que necesite una dentadura parcial o una dentadura completa soportada por implantes, nuestro equipo lo ayudar\u00e1 a navegar por sus opciones de dentadura postiza para que pueda tomar una decisi\u00f3n informada sobre el futuro de su sonrisa.\u200b<br>Las dentaduras postizas pueden ayudar a restaurar su sonrisa si le faltan la mayor\u00eda o todos sus dientes. Si est\u00e1 buscando la soluci\u00f3n m\u00e1s segura y duradera, considere las dentaduras postizas implantosoportadas.<\/p>\n\n\n\n<hr class=\"wp-block-separator has-css-opacity\"\/>\n\n\n\n<div class=\"wp-block-button aligncenter\"><a class=\"wp-block-button__link wp-element-button\" href=\"https:\/\/www.hillsidedentalelpaso.com\/full-partial-dentures.html\">Dentadura postiza<\/a><\/div>\n<\/div><\/div>\n<\/div><\/div>\n\n\n\n<div style=\"height:43px\" aria-hidden=\"true\" class=\"wp-block-spacer\"><\/div>\n\n\n\n<div class=\"wp-block-coblocks-row coblocks-row-1071585750\" data-columns=\"3\" data-layout=\"33-33-33\"><div class=\"wp-block-coblocks-row__inner has-no-padding has-no-margin is-stacked-on-mobile has-medium-gutter\">\n<div class=\"wp-block-coblocks-column coblocks-column-10715859710\" style=\"width:33.33%\"><div class=\"wp-block-coblocks-column__inner has-no-padding has-no-margin\">\n<h4 class=\"has-text-align-center wp-block-heading\">Restaurador \/ Rellenos<\/h4>\n\n\n\n<figure class=\"wp-block-image\"><img loading=\"lazy\" decoding=\"async\" width=\"415\" height=\"237\" src=\"https:\/\/www.hillsidedentalelpaso.com\/wp-content\/uploads\/2019\/11\/replacing-silver-fillings-1_2.jpg\" alt=\"Tooth Fillings in El Paso, TX\" class=\"wp-image-412\" srcset=\"https:\/\/www.hillsidedentalelpaso.com\/wp-content\/uploads\/2019\/11\/replacing-silver-fillings-1_2.jpg 415w, https:\/\/www.hillsidedentalelpaso.com\/wp-content\/uploads\/2019\/11\/replacing-silver-fillings-1_2-300x171.jpg 300w\" sizes=\"auto, (max-width: 415px) 100vw, 415px\" \/><\/figure>\n\n\n\n<p><strong>Empastes dentales<\/strong><br>Un relleno compuesto (del color del diente) se utiliza para reparar un diente que est\u00e1 da\u00f1ado por caries o peque\u00f1as grietas. La porci\u00f3n cariada o agrietada del diente se extrae y luego se reemplaza por material de relleno que es similar al color del diente.\u200b<br>Los empastes compuestos son el tipo m\u00e1s com\u00fan de material de relleno utilizado hoy en d\u00eda, pero tambi\u00e9n hay otros tipos de empastes dentales disponibles. Los empastes compuestos son populares porque coinciden estrechamente con el color de su diente existente, lo que los convierte en una excelente opci\u00f3n para el trabajo realizado en sus dientes frontales u otros dientes visibles cuando sonr\u00ede.<\/p>\n\n\n\n<hr class=\"wp-block-separator has-css-opacity\"\/>\n<\/div><\/div>\n\n\n\n<div class=\"wp-block-coblocks-column coblocks-column-10715859631\" style=\"width:33.33%\"><div class=\"wp-block-coblocks-column__inner has-no-padding has-no-margin\">\n<h4 class=\"has-text-align-center wp-block-heading\">Implantes dentales<\/h4>\n\n\n\n<figure class=\"wp-block-image\"><img loading=\"lazy\" decoding=\"async\" width=\"295\" height=\"295\" src=\"https:\/\/www.hillsidedentalelpaso.com\/wp-content\/uploads\/2019\/11\/dental-implant-illustration_1.jpg\" alt=\"Dental Implants in El Paso, TX\" class=\"wp-image-413\" srcset=\"https:\/\/www.hillsidedentalelpaso.com\/wp-content\/uploads\/2019\/11\/dental-implant-illustration_1.jpg 295w, https:\/\/www.hillsidedentalelpaso.com\/wp-content\/uploads\/2019\/11\/dental-implant-illustration_1-150x150.jpg 150w\" sizes=\"auto, (max-width: 295px) 100vw, 295px\" \/><\/figure>\n\n\n\n<p>Los implantes dentales son la mejor manera de restaurar los dientes perdidos a su aspecto y sensaci\u00f3n natural. Nuestro amable personal y dentista lo guiar\u00e1n a trav\u00e9s de cada paso del procedimiento para que se sienta lo m\u00e1s c\u00f3modo posible. Los implantes dentales son un gran paso para preservar su sonrisa, y queremos que se sienta tranquilo de que esta es la mejor decisi\u00f3n para usted.<\/p>\n\n\n\n<p>Lea m\u00e1s sobre los implantes dentales y el procedimiento haciendo clic en el siguiente enlace y p\u00f3ngase en contacto con nuestra oficina. Estamos convenientemente ubicados en el noreste de El Paso, TX, y esperamos hablar con usted.<\/p>\n\n\n\n<hr class=\"wp-block-separator has-css-opacity\"\/>\n\n\n\n<div class=\"wp-block-button aligncenter\"><a class=\"wp-block-button__link wp-element-button\" href=\"https:\/\/www.hillsidedentalelpaso.com\/affordable-dental-implants.html\">Implantes dentales<\/a><\/div>\n<\/div><\/div>\n\n\n\n<div class=\"wp-block-coblocks-column coblocks-column-10715859635\" style=\"width:33.33%\"><div class=\"wp-block-coblocks-column__inner has-no-padding has-no-margin\">\n<h4 class=\"has-text-align-center wp-block-heading\">Corona y puentes<\/h4>\n\n\n\n<figure class=\"wp-block-image\"><img loading=\"lazy\" decoding=\"async\" width=\"333\" height=\"209\" src=\"https:\/\/www.hillsidedentalelpaso.com\/wp-content\/uploads\/2019\/11\/crownsbridges_1.jpg\" alt=\"Crowns and Bridges in El Paso, TX\" class=\"wp-image-414\" srcset=\"https:\/\/www.hillsidedentalelpaso.com\/wp-content\/uploads\/2019\/11\/crownsbridges_1.jpg 333w, https:\/\/www.hillsidedentalelpaso.com\/wp-content\/uploads\/2019\/11\/crownsbridges_1-300x188.jpg 300w\" sizes=\"auto, (max-width: 333px) 100vw, 333px\" \/><\/figure>\n\n\n\n<p><strong>El procedimiento de la Corona<\/strong><br>Las coronas normalmente toman dos citas.<\/p>\n\n\n\n<p>Primera cita: Tomamos impresiones y creamos modelos de diagn\u00f3stico de su diente. El \u00e1rea se adormece y el diente se prepara para la corona eliminando cualquier caries o \u00e1reas fracturadas y creando la superficie ideal para su corona. Las impresiones y los modelos se env\u00edan a un laboratorio dental, donde se realiza su corona. Mientras el laboratorio construye la corona, usted usar\u00e1 una corona temporal hecha aqu\u00ed en la oficina por el dentista o un asistente dental capacitado.<\/p>\n\n\n\n<p><strong>Puentes<\/strong><br>El proceso para un puente es muy similar al de una corona, solo involucra m\u00e1s de un solo diente. Los puentes se utilizan para reemplazar un diente perdido entre dos dientes naturales que todav\u00eda existen (ver la foto de arriba).<\/p>\n\n\n\n<hr class=\"wp-block-separator has-css-opacity\"\/>\n\n\n\n<div class=\"wp-block-buttons is-horizontal is-content-justification-center is-layout-flex wp-container-core-buttons-is-layout-499968f5 wp-block-buttons-is-layout-flex\">\n<div class=\"wp-block-button\"><a class=\"wp-block-button__link wp-element-button\" href=\"https:\/\/www.hillsidedentalelpaso.com\/is-a-dental-crown-my-best-option\/\">Corona dental<\/a><\/div>\n<\/div>\n<\/div><\/div>\n<\/div><\/div>\n\n\n\n<p><\/p>\n","protected":false},"excerpt":{"rendered":"<p>A continuaci\u00f3n se encuentran los servicios dentales que nuestro dentista y personal dental brindan en el \u00e1rea metropolitana de El&hellip;<\/p>\n","protected":false},"author":1,"featured_media":0,"parent":0,"menu_order":0,"comment_status":"closed","ping_status":"closed","template":"","meta":{"_coblocks_attr":"","_coblocks_dimensions":"","_coblocks_responsive_height":"","_coblocks_accordion_ie_support":"","_kad_blocks_custom_css":"","_kad_blocks_head_custom_js":"","_kad_blocks_body_custom_js":"","_kad_blocks_footer_custom_js":"","footnotes":""},"class_list":["post-158","page","type-page","status-publish","hentry"],"translation":{"provider":"WPGlobus","version":"3.0.2","language":"es","enabled_languages":["en","es"],"languages":{"en":{"title":true,"content":true,"excerpt":false},"es":{"title":true,"content":true,"excerpt":false}}},"aioseo_notices":[],"taxonomy_info":[],"featured_image_src_large":false,"author_info":{"display_name":"admin","author_link":"https:\/\/www.hillsidedentalelpaso.com\/es\/author\/admin\/"},"comment_info":0,"_links":{"self":[{"href":"https:\/\/www.hillsidedentalelpaso.com\/es\/wp-json\/wp\/v2\/pages\/158","targetHints":{"allow":["GET"]}}],"collection":[{"href":"https:\/\/www.hillsidedentalelpaso.com\/es\/wp-json\/wp\/v2\/pages"}],"about":[{"href":"https:\/\/www.hillsidedentalelpaso.com\/es\/wp-json\/wp\/v2\/types\/page"}],"author":[{"embeddable":true,"href":"https:\/\/www.hillsidedentalelpaso.com\/es\/wp-json\/wp\/v2\/users\/1"}],"replies":[{"embeddable":true,"href":"https:\/\/www.hillsidedentalelpaso.com\/es\/wp-json\/wp\/v2\/comments?post=158"}],"version-history":[{"count":25,"href":"https:\/\/www.hillsidedentalelpaso.com\/es\/wp-json\/wp\/v2\/pages\/158\/revisions"}],"predecessor-version":[{"id":1280,"href":"https:\/\/www.hillsidedentalelpaso.com\/es\/wp-json\/wp\/v2\/pages\/158\/revisions\/1280"}],"wp:attachment":[{"href":"https:\/\/www.hillsidedentalelpaso.com\/es\/wp-json\/wp\/v2\/media?parent=158"}],"curies":[{"name":"wp","href":"https:\/\/api.w.org\/{rel}","templated":true}]}}